{"id":2191,"date":"2022-11-29T14:42:15","date_gmt":"2022-11-29T12:42:15","guid":{"rendered":"https:\/\/koukosrodos.com\/?page_id=2191"},"modified":"2023-01-11T09:59:17","modified_gmt":"2023-01-11T07:59:17","slug":"our-neighborhood","status":"publish","type":"page","link":"https:\/\/koukosrodos.com\/fr\/our-neighborhood\/","title":{"rendered":"Notre Quartier"},"content":{"rendered":"<div data-elementor-type=\"wp-page\" data-elementor-id=\"2191\" class=\"elementor elementor-2191\">\n\t\t\t\t\t\t\t\t\t<section class=\"elementor-section elementor-top-section elementor-element elementor-element-a5ea5a6 elementor-section-full_width elementor-hidden-mobile elementor-section-height-default elementor-section-height-default\" data-id=\"a5ea5a6\" data-element_type=\"section\">\n\t\t\t\t\t\t<div class=\"elementor-container elementor-column-gap-no\">\n\t\t\t\t\t<div class=\"elementor-column elementor-col-100 elementor-top-column elementor-element elementor-element-40a22b6\" data-id=\"40a22b6\" data-element_type=\"column\">\n\t\t\t<div class=\"elementor-widget-wrap elementor-element-populated\">\n\t\t\t\t\t\t\t\t<div class=\"elementor-element elementor-element-0790f65 elementor-align-left elementor-widget elementor-widget-pages-banner\" data-id=\"0790f65\" data-element_type=\"widget\" data-widget_type=\"pages-banner.default\">\n\t\t\t\t<div class=\"elementor-widget-container\">\n\t\t\t\r\n\t\t\t\t<div class=\"banner-header section-padding valign bg-img bg-fixed\" data-overlay-dark=\"4\" data-background=\"https:\/\/koukosrodos.com\/wp-content\/uploads\/2022\/12\/geitonia-ft.jpg\">\r\n\t\t\t\t\t<div class=\"container\">\r\n\t\t\t\t<div class=\"row\">\r\n\t\t\t\t\t<div class=\"col-md-12 caption mt-90\">\r\n\t\t\t\t\t\t\t\t\t\t\t\t\t\t\t\t\t\t<h1>Notre Quartier<\/h1>\r\n\t\t\t\t\t\t\t\t\t\t\t<\/div>\r\n\t\t\t\t<\/div>\r\n\t\t\t<\/div>\r\n\t\t<\/div>\r\n\r\n\t\t\t<\/div>\n\t\t\t\t<\/div>\n\t\t\t\t\t<\/div>\n\t\t<\/div>\n\t\t\t\t\t\t\t<\/div>\n\t\t<\/section>\n\t\t\t\t<section class=\"elementor-section elementor-top-section elementor-element elementor-element-475ec99 elementor-section-full_width elementor-hidden-desktop elementor-hidden-tablet elementor-section-height-default elementor-section-height-default\" data-id=\"475ec99\" data-element_type=\"section\">\n\t\t\t\t\t\t<div class=\"elementor-container elementor-column-gap-no\">\n\t\t\t\t\t<div class=\"elementor-column elementor-col-100 elementor-top-column elementor-element elementor-element-87896d0\" data-id=\"87896d0\" data-element_type=\"column\">\n\t\t\t<div class=\"elementor-widget-wrap elementor-element-populated\">\n\t\t\t\t\t\t\t\t<div class=\"elementor-element elementor-element-fe62ac7 elementor-align-left elementor-widget elementor-widget-pages-banner\" data-id=\"fe62ac7\" data-element_type=\"widget\" data-widget_type=\"pages-banner.default\">\n\t\t\t\t<div class=\"elementor-widget-container\">\n\t\t\t\r\n\t\t\t\t<div class=\"banner-header section-padding valign bg-img bg-fixed\" data-overlay-dark=\"4\" data-background=\"https:\/\/koukosrodos.com\/wp-content\/uploads\/2023\/01\/koukos-mob.jpg\">\r\n\t\t\t\t\t<div class=\"container\">\r\n\t\t\t\t<div class=\"row\">\r\n\t\t\t\t\t<div class=\"col-md-12 caption mt-90\">\r\n\t\t\t\t\t\t\t\t\t\t\t\t\t\t\t\t\t\t<h1>Notre Quartier<\/h1>\r\n\t\t\t\t\t\t\t\t\t\t\t<\/div>\r\n\t\t\t\t<\/div>\r\n\t\t\t<\/div>\r\n\t\t<\/div>\r\n\r\n\t\t\t<\/div>\n\t\t\t\t<\/div>\n\t\t\t\t\t<\/div>\n\t\t<\/div>\n\t\t\t\t\t\t\t<\/div>\n\t\t<\/section>\n\t\t\t\t<section class=\"elementor-section elementor-top-section elementor-element elementor-element-0e5e681 elementor-section-full_width elementor-section-height-default elementor-section-height-default\" data-id=\"0e5e681\" data-element_type=\"section\" data-settings=\"{&quot;background_background&quot;:&quot;classic&quot;}\">\n\t\t\t\t\t\t<div class=\"elementor-container elementor-column-gap-no\">\n\t\t\t\t\t<div class=\"elementor-column elementor-col-100 elementor-top-column elementor-element elementor-element-8f4ce31\" data-id=\"8f4ce31\" data-element_type=\"column\">\n\t\t\t<div class=\"elementor-widget-wrap elementor-element-populated\">\n\t\t\t\t\t\t\t\t<div class=\"elementor-element elementor-element-7e4aa7f elementor-align-left elementor-widget elementor-widget-pages-restaurant-content\" data-id=\"7e4aa7f\" data-element_type=\"widget\" data-widget_type=\"pages-restaurant-content.default\">\n\t\t\t\t<div class=\"elementor-widget-container\">\n\t\t\t\r\n\t\t<section class=\"rooms-page section-padding\" data-scroll-index=\"1\">\r\n\t\t\t<div class=\"container\">\r\n\t\t\t\t<div class=\"row\">\r\n\t\t\t\t\t<div class=\"col-md-12 text-left\"> \r\n\t\t\t\t\t\t<span>\r\n\t\t\t\t\t\t\t\t\t\t\t\t\t\t\t<i class=\"star-rating\"><\/i>\r\n\t\t\t\t\t\t\t\t<i class=\"star-rating\"><\/i>\r\n\t\t\t\t\t\t\t\t<i class=\"star-rating\"><\/i>\r\n\t\t\t\t\t\t\t\t<i class=\"star-rating\"><\/i>\r\n\t\t\t\t\t\t\t\t<i class=\"star-rating\"><\/i>\r\n\t\t\t\t\t\t\t\t\t\t\t\t\t<\/span>\r\n\t\t\t\t\t\t\t\t\t\t\t\t\t\t\t\t\t<\/div>\r\n\t\t\t\t\t<div class=\"col-md-12\">\r\n\t\t\t\t\t\t\t\t\t\t\t\t<p class=\"mb-30\">Le quartier de Niochori occupe une place unique dans l\u2019histoire de l\u2019\u00eele. Apr\u00e8s l\u2019occupation ottomane de la ville, en 1522, la cit\u00e9 forte qui, jusqu\u2019alors, \u00e9tait habit\u00e9e de grecs, est devenue propri\u00e9t\u00e9 ottomane. Les habitants des quartiers grecs de Rhodes partirent s\u2019\u00e9tablir hors des murs du vieux-Rhodes. Ainsi, les habitants de l\u2019\u00eele se r\u00e9unirent dans huit banlieues, connues sous le nom de \u00ab marasia \u00bb, autour du vieux-Rhodes.<\/p>\n\n<p>Cette appellation vient du mot turc \u00ab maras \u00bb, qui signifie banlieue. Chaque quartier disposait d\u2019une \u00e9glise centrale, la \u00ab place \u00bb de l\u2019agglom\u00e9ration. Les habitations des officiers turcs \u00e9taient dispers\u00e9es dans chaque quartier, pour leur permettre d\u2019avoir le contr\u00f4le. Le terme de \u00ab marasia \u00bb est devenu synonyme des quartiers qui se sont form\u00e9s autour du vieux-Rhodes, suite \u00e0 l\u2019occupation ottomane.<\/p>\n\n<p>Dans la partie nord de l\u2019\u00eele, au 18\u00e8me si\u00e8cle, le huiti\u00e8me et plus jeune marasi de Rhodes fut cr\u00e9\u00e9. C\u2019est Niochori. Ce quartier se distingua rapidement des autres, en raison de sa situation privil\u00e9gi\u00e9e et des \u00e9difices remarquables dont il \u00e9tait orn\u00e9. \u00c0 Niochori on \u00e9rigea des consulats, des \u00e9difices publics et des h\u00f4tels, des r\u00e9sidences de diplomates et des ambassades. Ainsi, il devint le quartier le plus en vue de l\u2019\u00eele.<\/p>\t\t\t\t\t\t\t\t\t\t\t\t<ul class=\"list-unstyled page-list mb-30\">\r\n\t\t\t\t\t\t\t\t\t\t\t\t\t<\/ul>\r\n\t\t\t\t\t<\/div>\r\n\t\t\t\t<\/div>\r\n\t\t\t<\/div>\r\n\t\t<\/section>\r\n\r\n\t\t\t<\/div>\n\t\t\t\t<\/div>\n\t\t\t\t\t<\/div>\n\t\t<\/div>\n\t\t\t\t\t\t\t<\/div>\n\t\t<\/section>\n\t\t\t\t<section class=\"elementor-section elementor-top-section elementor-element elementor-element-de979a1 elementor-section-boxed elementor-section-height-default elementor-section-height-default\" data-id=\"de979a1\" data-element_type=\"section\">\n\t\t\t\t\t\t<div class=\"elementor-container elementor-column-gap-no\">\n\t\t\t\t\t<div class=\"elementor-column elementor-col-100 elementor-top-column elementor-element elementor-element-02da38d\" data-id=\"02da38d\" data-element_type=\"column\">\n\t\t\t<div class=\"elementor-widget-wrap elementor-element-populated\">\n\t\t\t\t\t\t\t\t<div class=\"elementor-element elementor-element-b9fc80f elementor-widget elementor-widget-heading\" data-id=\"b9fc80f\" data-element_type=\"widget\" data-widget_type=\"heading.default\">\n\t\t\t\t<div class=\"elementor-widget-container\">\n\t\t\t<h2 class=\"elementor-heading-title elementor-size-default\">Au C\u0153ur de la Ville<\/h2>\t\t<\/div>\n\t\t\t\t<\/div>\n\t\t\t\t\t<\/div>\n\t\t<\/div>\n\t\t\t\t\t\t\t<\/div>\n\t\t<\/section>\n\t\t\t\t<section class=\"elementor-section elementor-top-section elementor-element elementor-element-89fa2b7 elementor-section-content-middle elementor-section-boxed elementor-section-height-default elementor-section-height-default\" data-id=\"89fa2b7\" data-element_type=\"section\" data-settings=\"{&quot;background_background&quot;:&quot;classic&quot;}\">\n\t\t\t\t\t\t<div class=\"elementor-container elementor-column-gap-no\">\n\t\t\t\t\t<div class=\"elementor-column elementor-col-50 elementor-top-column elementor-element elementor-element-90a69f0\" data-id=\"90a69f0\" data-element_type=\"column\">\n\t\t\t<div class=\"elementor-widget-wrap elementor-element-populated\">\n\t\t\t\t\t\t\t\t<div class=\"elementor-element elementor-element-097275c elementor-widget elementor-widget-image\" data-id=\"097275c\" data-element_type=\"widget\" data-widget_type=\"image.default\">\n\t\t\t\t<div class=\"elementor-widget-container\">\n\t\t\t\t\t\t\t\t\t\t\t\t\t\t\t<img loading=\"lazy\" decoding=\"async\" width=\"800\" height=\"800\" src=\"https:\/\/koukosrodos.com\/wp-content\/uploads\/2022\/12\/locati.jpg\" class=\"attachment-full size-full wp-image-3386\" alt=\"\" srcset=\"https:\/\/koukosrodos.com\/wp-content\/uploads\/2022\/12\/locati.jpg 800w, https:\/\/koukosrodos.com\/wp-content\/uploads\/2022\/12\/locati-300x300.jpg 300w, https:\/\/koukosrodos.com\/wp-content\/uploads\/2022\/12\/locati-150x150.jpg 150w, https:\/\/koukosrodos.com\/wp-content\/uploads\/2022\/12\/locati-768x768.jpg 768w\" sizes=\"auto, (max-width: 800px) 100vw, 800px\" \/>\t\t\t\t\t\t\t\t\t\t\t\t\t\t\t<\/div>\n\t\t\t\t<\/div>\n\t\t\t\t\t<\/div>\n\t\t<\/div>\n\t\t\t\t<div class=\"elementor-column elementor-col-50 elementor-top-column elementor-element elementor-element-8ff70ee\" data-id=\"8ff70ee\" data-element_type=\"column\" data-settings=\"{&quot;background_background&quot;:&quot;classic&quot;}\">\n\t\t\t<div class=\"elementor-widget-wrap elementor-element-populated\">\n\t\t\t\t\t\t\t\t<div class=\"elementor-element elementor-element-318cd22 elementor-widget elementor-widget-text-editor\" data-id=\"318cd22\" data-element_type=\"widget\" data-widget_type=\"text-editor.default\">\n\t\t\t\t<div class=\"elementor-widget-container\">\n\t\t\t\t\t\t\t<p>Le site polyvalent \u00ab Koukos \u00bb se trouve au c\u0153ur de la ville de Rhodes. Sa situation privil\u00e9gi\u00e9e permet d\u2019acc\u00e9der facilement aux sites embl\u00e9matiques de l\u2019\u00eele. Que vous souhaitiez explorer la riche histoire et la culture de l\u2019\u00eele, d\u00e9couvrir la ville de Rhodes, savourer une promenade sur les plages de l\u2019\u00eele, vous d\u00e9tendre tout simplement au bord de la mer en admirant les eaux bleues de l\u2019\u00c9g\u00e9e, \u00ab Koukos \u00bb votre pied-\u00e0-terre id\u00e9al \u00e0 Rhodes.<\/p><p>Une destination touristique populaire, connue pour ses belles plages, sa longue histoire et sa riche culture est l\u00e0 pour que vous la d\u00e9couvriez.<\/p><p>En vous baladant dans Mandraki, le site le plus fr\u00e9quent\u00e9 de l\u2019\u00eele, vous prendrez le pouls de la ville. Une promenade au bord de l\u2019eau vous rapprocher des sites qui m\u00e9ritent d\u2019\u00eatre visit\u00e9s.<\/p>\t\t\t\t\t\t<\/div>\n\t\t\t\t<\/div>\n\t\t\t\t\t<\/div>\n\t\t<\/div>\n\t\t\t\t\t\t\t<\/div>\n\t\t<\/section>\n\t\t\t\t<section class=\"elementor-section elementor-top-section elementor-element elementor-element-00ce693 elementor-section-content-middle elementor-reverse-mobile elementor-section-boxed elementor-section-height-default elementor-section-height-default\" data-id=\"00ce693\" data-element_type=\"section\">\n\t\t\t\t\t\t<div class=\"elementor-container elementor-column-gap-no\">\n\t\t\t\t\t<div class=\"elementor-column elementor-col-50 elementor-top-column elementor-element elementor-element-8ad7124\" data-id=\"8ad7124\" data-element_type=\"column\" data-settings=\"{&quot;background_background&quot;:&quot;classic&quot;}\">\n\t\t\t<div class=\"elementor-widget-wrap elementor-element-populated\">\n\t\t\t\t\t\t\t\t<div class=\"elementor-element elementor-element-483f8b2 elementor-widget elementor-widget-text-editor\" data-id=\"483f8b2\" data-element_type=\"widget\" data-widget_type=\"text-editor.default\">\n\t\t\t\t<div class=\"elementor-widget-container\">\n\t\t\t\t\t\t\t<p>Sur ce trajet agr\u00e9able, vous rencontrerez la statue de Diagoras. Vous verrez des \u00e9difices d\u2019architecture italienne et ottomane qui ornent le centre-ville et lui offrent cet air cosmopolite.<\/p><p>Apr\u00e8s avoir pass\u00e9 la c\u00e9l\u00e8bre plateforme de plong\u00e9e, vous pourrez admirer le fort d\u2019Agios Nikolaos avant d\u2019atteindre Evangelismos o\u00f9 se trouvent les socles du cerf et de la biche, symbole de l\u2019\u00eele qui s\u2019appelait \u00e9galement \u00ab Elafoussa \u00bb (du mot el\u00e0fi, en grec, qui signifie cerf). Ici, dit-on, se trouvait une des 7 merveilles du monde, le Colosse de Rhodes. Les recherches les plus r\u00e9centes, toutefois, le situent dans le vieux-Rhodes.<\/p><p>En avan\u00e7ant encore un peu, vous rencontrez les moulins \u00e0 vent, sur un trajet qui vous m\u00e8nera devant les remparts de la cit\u00e9 m\u00e9di\u00e9vale, si vous suivez le pi\u00e9tonnier pittoresque sur le port.<\/p>\t\t\t\t\t\t<\/div>\n\t\t\t\t<\/div>\n\t\t\t\t\t<\/div>\n\t\t<\/div>\n\t\t\t\t<div class=\"elementor-column elementor-col-50 elementor-top-column elementor-element elementor-element-3cffc0a\" data-id=\"3cffc0a\" data-element_type=\"column\">\n\t\t\t<div class=\"elementor-widget-wrap elementor-element-populated\">\n\t\t\t\t\t\t\t\t<div class=\"elementor-element elementor-element-e6a792d elementor-widget elementor-widget-image\" data-id=\"e6a792d\" data-element_type=\"widget\" data-widget_type=\"image.default\">\n\t\t\t\t<div class=\"elementor-widget-container\">\n\t\t\t\t\t\t\t\t\t\t\t\t\t\t\t<img loading=\"lazy\" decoding=\"async\" width=\"800\" height=\"800\" src=\"https:\/\/koukosrodos.com\/wp-content\/uploads\/2022\/12\/elafakia.jpg\" class=\"attachment-large size-large wp-image-3402\" alt=\"\" srcset=\"https:\/\/koukosrodos.com\/wp-content\/uploads\/2022\/12\/elafakia.jpg 800w, https:\/\/koukosrodos.com\/wp-content\/uploads\/2022\/12\/elafakia-300x300.jpg 300w, https:\/\/koukosrodos.com\/wp-content\/uploads\/2022\/12\/elafakia-150x150.jpg 150w, https:\/\/koukosrodos.com\/wp-content\/uploads\/2022\/12\/elafakia-768x768.jpg 768w\" sizes=\"auto, (max-width: 800px) 100vw, 800px\" \/>\t\t\t\t\t\t\t\t\t\t\t\t\t\t\t<\/div>\n\t\t\t\t<\/div>\n\t\t\t\t\t<\/div>\n\t\t<\/div>\n\t\t\t\t\t\t\t<\/div>\n\t\t<\/section>\n\t\t\t\t<section class=\"elementor-section elementor-top-section elementor-element elementor-element-793cfcf elementor-section-content-middle elementor-section-boxed elementor-section-height-default elementor-section-height-default\" data-id=\"793cfcf\" data-element_type=\"section\" data-settings=\"{&quot;background_background&quot;:&quot;classic&quot;}\">\n\t\t\t\t\t\t<div class=\"elementor-container elementor-column-gap-no\">\n\t\t\t\t\t<div class=\"elementor-column elementor-col-50 elementor-top-column elementor-element elementor-element-06dbbf3\" data-id=\"06dbbf3\" data-element_type=\"column\">\n\t\t\t<div class=\"elementor-widget-wrap elementor-element-populated\">\n\t\t\t\t\t\t\t\t<div class=\"elementor-element elementor-element-0daf1ee elementor-widget elementor-widget-image\" data-id=\"0daf1ee\" data-element_type=\"widget\" data-widget_type=\"image.default\">\n\t\t\t\t<div class=\"elementor-widget-container\">\n\t\t\t\t\t\t\t\t\t\t\t\t\t\t\t<img loading=\"lazy\" decoding=\"async\" width=\"800\" height=\"800\" src=\"https:\/\/koukosrodos.com\/wp-content\/uploads\/2022\/12\/old-town.jpg\" class=\"attachment-full size-full wp-image-3406\" alt=\"\" srcset=\"https:\/\/koukosrodos.com\/wp-content\/uploads\/2022\/12\/old-town.jpg 800w, https:\/\/koukosrodos.com\/wp-content\/uploads\/2022\/12\/old-town-300x300.jpg 300w, https:\/\/koukosrodos.com\/wp-content\/uploads\/2022\/12\/old-town-150x150.jpg 150w, https:\/\/koukosrodos.com\/wp-content\/uploads\/2022\/12\/old-town-768x768.jpg 768w\" sizes=\"auto, (max-width: 800px) 100vw, 800px\" \/>\t\t\t\t\t\t\t\t\t\t\t\t\t\t\t<\/div>\n\t\t\t\t<\/div>\n\t\t\t\t\t<\/div>\n\t\t<\/div>\n\t\t\t\t<div class=\"elementor-column elementor-col-50 elementor-top-column elementor-element elementor-element-bd09fb6\" data-id=\"bd09fb6\" data-element_type=\"column\" data-settings=\"{&quot;background_background&quot;:&quot;classic&quot;}\">\n\t\t\t<div class=\"elementor-widget-wrap elementor-element-populated\">\n\t\t\t\t\t\t\t\t<div class=\"elementor-element elementor-element-9c67825 elementor-widget elementor-widget-text-editor\" data-id=\"9c67825\" data-element_type=\"widget\" data-widget_type=\"text-editor.default\">\n\t\t\t\t<div class=\"elementor-widget-container\">\n\t\t\t\t\t\t\t<p>Le vieux-Rhodes, la Cit\u00e9 M\u00e9di\u00e9vale, class\u00e9e monument du patrimoine mondial de l\u2019UNESCO, et ses nombreux sites historiques et culturels vous attendent.<\/p><p>Promenez-vous dans le palais du Grand-Ma\u00eetre, parcourez la rue historique des Chevaliers et l\u2019arc de Rhodes, en savourant un voyage dans l\u2019histoire de l\u2019\u00eele.<\/p><p>Pour les amateurs du coucher de soleil : vous adorerez la vue envo\u00fbtante depuis le Monte Smith, au moment o\u00f9 le ciel se rev\u00eat des nuances de pourpre.<\/p><p><strong>Planifiez votre s\u00e9jour \u00e0 Rhodes, au meilleur site de l\u2019\u00eele.<\/strong><\/p>\t\t\t\t\t\t<\/div>\n\t\t\t\t<\/div>\n\t\t\t\t<div class=\"elementor-element elementor-element-1c42b25 elementor-align-left elementor-widget elementor-widget-button\" data-id=\"1c42b25\" data-element_type=\"widget\" data-widget_type=\"button.default\">\n\t\t\t\t<div class=\"elementor-widget-container\">\n\t\t\t\t\t<div class=\"elementor-button-wrapper\">\n\t\t\t<a class=\"elementor-button elementor-button-link elementor-size-md\" href=\"https:\/\/koukosrhodianguesthouse.reserve-online.net\/\" target=\"_blank\" rel=\"noopener\">\n\t\t\t\t\t\t<span class=\"elementor-button-content-wrapper\">\n\t\t\t\t\t\t<span class=\"elementor-button-text\">BOOK NOW<\/span>\n\t\t<\/span>\n\t\t\t\t\t<\/a>\n\t\t<\/div>\n\t\t\t\t<\/div>\n\t\t\t\t<\/div>\n\t\t\t\t\t<\/div>\n\t\t<\/div>\n\t\t\t\t\t\t\t<\/div>\n\t\t<\/section>\n\t\t\t\t\t\t\t<\/div>","protected":false},"excerpt":{"rendered":"<p>\u0397 \u0393\u03b5\u03b9\u03c4\u03bf\u03bd\u03b9\u03ac \u03bc\u03b1\u03c2 \u0397 \u0393\u03b5\u03b9\u03c4\u03bf\u03bd\u03b9\u03ac \u03bc\u03b1\u03c2 \u0397 \u03b3\u03b5\u03b9\u03c4\u03bf\u03bd\u03b9\u03ac \u03c4\u03bf\u03c5 \u039d\u03b9\u03bf\u03c7\u03c9\u03c1\u03af\u03bf\u03c5 \u03ad\u03c7\u03b5\u03b9 \u03bc\u03b9\u03b1 \u03bc\u03bf\u03bd\u03b1\u03b4\u03b9\u03ba\u03ae \u03b8\u03ad\u03c3\u03b7 \u03c3\u03c4\u03b7\u03bd \u03b9\u03c3\u03c4\u03bf\u03c1\u03af\u03b1 \u03c4\u03bf\u03c5 \u03bd\u03b7\u03c3\u03b9\u03bf\u03cd. \u039c\u03b5\u03c4\u03ac \u03c4\u03b7\u03bd \u03bf\u03b8\u03c9\u03bc\u03b1\u03bd\u03b9\u03ba\u03ae \u03ba\u03b1\u03c4\u03bf\u03c7\u03ae \u03c4\u03b7\u03c2 \u03c0\u03cc\u03bb\u03b7\u03c2 \u03c4\u03bf 1522, \u03b7 \u03bc\u03ad\u03c7\u03c1\u03b9 \u03c4\u03cc\u03c4\u03b5 \u03b5\u03bb\u03bb\u03b7\u03bd\u03bf\u03ba\u03b1\u03c4\u03bf\u03b9\u03ba\u03b7\u03bc\u03ad\u03bd\u03b7 \u03ba\u03b1\u03c3\u03c4\u03c1\u03bf\u03c0\u03bf\u03bb\u03b9\u03c4\u03b5\u03af\u03b1 \u03c0\u03ad\u03c1\u03b1\u03c3\u03b5 \u03c3\u03b5 \u03bf\u03b8\u03c9\u03bc\u03b1\u03bd\u03b9\u03ba\u03ae \u03b9\u03b4\u03b9\u03bf\u03ba\u03c4\u03b7\u03c3\u03af\u03b1, \u03bf\u03b4\u03b7\u03b3\u03ce\u03bd\u03c4\u03b1\u03c2 \u03c3\u03c4\u03b7 \u03bc\u03b5\u03c4\u03b5\u03b3\u03ba\u03b1\u03c4\u03ac\u03c3\u03c4\u03b1\u03c3\u03b7 \u03c4\u03c9\u03bd \u03b5\u03bb\u03bb\u03b7\u03bd\u03b9\u03ba\u03ce\u03bd \u03c1\u03bf\u03b4\u03b9\u03b1\u03ba\u03ce\u03bd \u03c3\u03c5\u03bd\u03bf\u03b9\u03ba\u03b9\u03ce\u03bd \u03ad\u03be\u03c9 \u03b1\u03c0\u03cc \u03c4\u03b1 \u03c4\u03b5\u03af\u03c7\u03b7 \u03c4\u03b7\u03c2 \u03a0\u03b1\u03bb\u03b9\u03ac\u03c2 \u03a0\u03cc\u03bb\u03b7\u03c2. \u03a3\u03b5 \u03b1\u03c0\u03ac\u03bd\u03c4\u03b7\u03c3\u03b7, \u03bf\u03b9 \u03ba\u03ac\u03c4\u03bf\u03b9\u03ba\u03bf\u03b9 \u03c4\u03bf\u03c5 \u03bd\u03b7\u03c3\u03b9\u03bf\u03cd [&hellip;]<\/p>","protected":false},"author":1,"featured_media":0,"parent":0,"menu_order":0,"comment_status":"closed","ping_status":"closed","template":"page-templates\/home-toggle.php","meta":{"inline_featured_image":false,"footnotes":""},"class_list":["post-2191","page","type-page","status-publish","hentry"],"acf":[],"_links":{"self":[{"href":"https:\/\/koukosrodos.com\/fr\/wp-json\/wp\/v2\/pages\/2191","targetHints":{"allow":["GET"]}}],"collection":[{"href":"https:\/\/koukosrodos.com\/fr\/wp-json\/wp\/v2\/pages"}],"about":[{"href":"https:\/\/koukosrodos.com\/fr\/wp-json\/wp\/v2\/types\/page"}],"author":[{"embeddable":true,"href":"https:\/\/koukosrodos.com\/fr\/wp-json\/wp\/v2\/users\/1"}],"replies":[{"embeddable":true,"href":"https:\/\/koukosrodos.com\/fr\/wp-json\/wp\/v2\/comments?post=2191"}],"version-history":[{"count":123,"href":"https:\/\/koukosrodos.com\/fr\/wp-json\/wp\/v2\/pages\/2191\/revisions"}],"predecessor-version":[{"id":5119,"href":"https:\/\/koukosrodos.com\/fr\/wp-json\/wp\/v2\/pages\/2191\/revisions\/5119"}],"wp:attachment":[{"href":"https:\/\/koukosrodos.com\/fr\/wp-json\/wp\/v2\/media?parent=2191"}],"curies":[{"name":"wp","href":"https:\/\/api.w.org\/{rel}","templated":true}]}}