{"id":2214,"date":"2022-11-29T14:51:06","date_gmt":"2022-11-29T12:51:06","guid":{"rendered":"https:\/\/koukosrodos.com\/?page_id=2214"},"modified":"2025-07-10T11:21:02","modified_gmt":"2025-07-10T08:21:02","slug":"wine-cellar","status":"publish","type":"page","link":"https:\/\/koukosrodos.com\/fr\/wine-cellar\/","title":{"rendered":"Le cellier"},"content":{"rendered":"<div data-elementor-type=\"wp-page\" data-elementor-id=\"2214\" class=\"elementor elementor-2214\">\n\t\t\t\t\t\t\t\t\t<section class=\"elementor-section elementor-top-section elementor-element elementor-element-a5ea5a6 elementor-section-full_width elementor-section-height-default elementor-section-height-default\" data-id=\"a5ea5a6\" data-element_type=\"section\">\n\t\t\t\t\t\t<div class=\"elementor-container elementor-column-gap-no\">\n\t\t\t\t\t<div class=\"elementor-column elementor-col-100 elementor-top-column elementor-element elementor-element-40a22b6\" data-id=\"40a22b6\" data-element_type=\"column\">\n\t\t\t<div class=\"elementor-widget-wrap elementor-element-populated\">\n\t\t\t\t\t\t\t\t<div class=\"elementor-element elementor-element-0790f65 elementor-align-left elementor-widget elementor-widget-pages-banner\" data-id=\"0790f65\" data-element_type=\"widget\" data-widget_type=\"pages-banner.default\">\n\t\t\t\t<div class=\"elementor-widget-container\">\n\t\t\t\r\n\t\t\t\t<div class=\"banner-header section-padding valign bg-img bg-fixed\" data-overlay-dark=\"4\" data-background=\"https:\/\/koukosrodos.com\/wp-content\/uploads\/2022\/11\/cellar.jpg\">\r\n\t\t\t\t\t<div class=\"container\">\r\n\t\t\t\t<div class=\"row\">\r\n\t\t\t\t\t<div class=\"col-md-12 caption mt-90\">\r\n\t\t\t\t\t\t\t\t\t\t\t\t\t\t\t\t\t\t<h1>Le cellier<\/h1>\r\n\t\t\t\t\t\t\t\t\t\t\t<\/div>\r\n\t\t\t\t<\/div>\r\n\t\t\t<\/div>\r\n\t\t<\/div>\r\n\r\n\t\t\t<\/div>\n\t\t\t\t<\/div>\n\t\t\t\t\t<\/div>\n\t\t<\/div>\n\t\t\t\t\t\t\t<\/div>\n\t\t<\/section>\n\t\t\t\t<section class=\"elementor-section elementor-top-section elementor-element elementor-element-0e5e681 elementor-section-full_width elementor-hidden-desktop elementor-hidden-tablet elementor-hidden-mobile elementor-section-height-default elementor-section-height-default\" data-id=\"0e5e681\" data-element_type=\"section\">\n\t\t\t\t\t\t<div class=\"elementor-container elementor-column-gap-no\">\n\t\t\t\t\t<div class=\"elementor-column elementor-col-100 elementor-top-column elementor-element elementor-element-8f4ce31\" data-id=\"8f4ce31\" data-element_type=\"column\">\n\t\t\t<div class=\"elementor-widget-wrap elementor-element-populated\">\n\t\t\t\t\t\t\t\t<div class=\"elementor-element elementor-element-7e4aa7f elementor-align-left elementor-widget elementor-widget-pages-restaurant-content\" data-id=\"7e4aa7f\" data-element_type=\"widget\" data-widget_type=\"pages-restaurant-content.default\">\n\t\t\t\t<div class=\"elementor-widget-container\">\n\t\t\t\r\n\t\t<section class=\"rooms-page section-padding\" data-scroll-index=\"1\">\r\n\t\t\t<div class=\"container\">\r\n\t\t\t\t<div class=\"row\">\r\n\t\t\t\t\t<div class=\"col-md-12 text-left\"> \r\n\t\t\t\t\t\t<span>\r\n\t\t\t\t\t\t\t\t\t\t\t\t\t\t\t<i class=\"star-rating\"><\/i>\r\n\t\t\t\t\t\t\t\t<i class=\"star-rating\"><\/i>\r\n\t\t\t\t\t\t\t\t<i class=\"star-rating\"><\/i>\r\n\t\t\t\t\t\t\t\t<i class=\"star-rating\"><\/i>\r\n\t\t\t\t\t\t\t\t<i class=\"star-rating\"><\/i>\r\n\t\t\t\t\t\t\t\t\t\t\t\t\t<\/span>\r\n\t\t\t\t\t\t\t\t\t\t\t\t\t\t\t\t\t\t\t<div class=\"section-title\">\u039a\u03b5\u03bb\u03bb\u03ac\u03c1\u03b9<\/div>\r\n\t\t\t\t\t\t\t\t\t\t\t<\/div>\r\n\t\t\t\t\t<div class=\"col-md-12\">\r\n\t\t\t\t\t\t\t\t\t\t\t\t<ul class=\"list-unstyled page-list mb-30\">\r\n\t\t\t\t\t\t\t\t\t\t\t\t\t<\/ul>\r\n\t\t\t\t\t<\/div>\r\n\t\t\t\t<\/div>\r\n\t\t\t<\/div>\r\n\t\t<\/section>\r\n\r\n\t\t\t<\/div>\n\t\t\t\t<\/div>\n\t\t\t\t\t<\/div>\n\t\t<\/div>\n\t\t\t\t\t\t\t<\/div>\n\t\t<\/section>\n\t\t\t\t<section class=\"elementor-section elementor-top-section elementor-element elementor-element-a75715e elementor-section-content-middle elementor-section-boxed elementor-section-height-default elementor-section-height-default\" data-id=\"a75715e\" data-element_type=\"section\" data-settings=\"{&quot;background_background&quot;:&quot;classic&quot;}\">\n\t\t\t\t\t\t<div class=\"elementor-container elementor-column-gap-no\">\n\t\t\t\t\t<div class=\"elementor-column elementor-col-50 elementor-top-column elementor-element elementor-element-b865d10\" data-id=\"b865d10\" data-element_type=\"column\">\n\t\t\t<div class=\"elementor-widget-wrap elementor-element-populated\">\n\t\t\t\t\t\t\t\t<div class=\"elementor-element elementor-element-ffea55c elementor-widget elementor-widget-image\" data-id=\"ffea55c\" data-element_type=\"widget\" data-widget_type=\"image.default\">\n\t\t\t\t<div class=\"elementor-widget-container\">\n\t\t\t\t\t\t\t\t\t\t\t\t\t\t\t<img loading=\"lazy\" decoding=\"async\" width=\"800\" height=\"800\" src=\"https:\/\/koukosrodos.com\/wp-content\/uploads\/2023\/01\/kelari.jpg\" class=\"attachment-full size-full wp-image-4837\" alt=\"\" srcset=\"https:\/\/koukosrodos.com\/wp-content\/uploads\/2023\/01\/kelari.jpg 800w, https:\/\/koukosrodos.com\/wp-content\/uploads\/2023\/01\/kelari-300x300.jpg 300w, https:\/\/koukosrodos.com\/wp-content\/uploads\/2023\/01\/kelari-150x150.jpg 150w, https:\/\/koukosrodos.com\/wp-content\/uploads\/2023\/01\/kelari-768x768.jpg 768w\" sizes=\"auto, (max-width: 800px) 100vw, 800px\" \/>\t\t\t\t\t\t\t\t\t\t\t\t\t\t\t<\/div>\n\t\t\t\t<\/div>\n\t\t\t\t\t<\/div>\n\t\t<\/div>\n\t\t\t\t<div class=\"elementor-column elementor-col-50 elementor-top-column elementor-element elementor-element-15e838a\" data-id=\"15e838a\" data-element_type=\"column\" data-settings=\"{&quot;background_background&quot;:&quot;classic&quot;}\">\n\t\t\t<div class=\"elementor-widget-wrap elementor-element-populated\">\n\t\t\t\t\t\t\t\t<div class=\"elementor-element elementor-element-f100863 elementor-widget elementor-widget-text-editor\" data-id=\"f100863\" data-element_type=\"widget\" data-widget_type=\"text-editor.default\">\n\t\t\t\t<div class=\"elementor-widget-container\">\n\t\t\t\t\t\t\t<h3>Le cellier<\/h3><p>D\u00e9couvrez le monde riche et vari\u00e9 du vin grec dans le cellier de \u00ab Koukos \u00bb.<\/p><p>Chez \u00ab Koukos \u00bb, les amateurs du bon vin trouveront une carte de vins soigneusement s\u00e9lectionn\u00e9s, compos\u00e9e des meilleures \u00e9tiquettes grecques mais aussi de vari\u00e9t\u00e9s assembl\u00e9es pour satisfaire tous les go\u00fbts.<\/p><p>Un excellent choix parmi les meilleures \u00e9tiquettes grecques est accueilli dans la cave de \u00ab Koukos \u00bb qui, gr\u00e2ce \u00e0 la technologie vinosafe, les conserve \u00e0 la perfection. En maintenant les niveaux id\u00e9aux de temp\u00e9rature et d\u2019humidit\u00e9 dans notre cave, nous proposons des vins savoureux de qualit\u00e9 sup\u00e9rieure, id\u00e9aux pour chaque circonstance.<\/p><p>Accompagnez du vin bien choisi chacun de vos repas, chacun de vos moments.<\/p>\t\t\t\t\t\t<\/div>\n\t\t\t\t<\/div>\n\t\t\t\t<div class=\"elementor-element elementor-element-60e688a elementor-align-left elementor-widget elementor-widget-button\" data-id=\"60e688a\" data-element_type=\"widget\" data-widget_type=\"button.default\">\n\t\t\t\t<div class=\"elementor-widget-container\">\n\t\t\t\t\t<div class=\"elementor-button-wrapper\">\n\t\t\t<a class=\"elementor-button elementor-button-link elementor-size-lg\" href=\"https:\/\/www.i-host.gr\/reservations\/new?restaurant=2407&#038;channel=website\" target=\"_blank\" rel=\"noopener\">\n\t\t\t\t\t\t<span class=\"elementor-button-content-wrapper\">\n\t\t\t\t\t\t<span class=\"elementor-button-text\">R\u00e9server<\/span>\n\t\t<\/span>\n\t\t\t\t\t<\/a>\n\t\t<\/div>\n\t\t\t\t<\/div>\n\t\t\t\t<\/div>\n\t\t\t\t\t<\/div>\n\t\t<\/div>\n\t\t\t\t\t\t\t<\/div>\n\t\t<\/section>\n\t\t\t\t\t\t\t<\/div>","protected":false},"excerpt":{"rendered":"<p>\u039a\u03b5\u03bb\u03ac\u03c1\u03b9 \u039a\u03b5\u03bb\u03bb\u03ac\u03c1\u03b9 \u039a\u03b5\u03bb\u03ac\u03c1\u03b9\u0391\u03bd\u03b1\u03ba\u03b1\u03bb\u03cd\u03c8\u03b5\u03c4\u03b5 \u03c4\u03bf\u03bd \u03c0\u03bb\u03bf\u03cd\u03c3\u03b9\u03bf \u03ba\u03b1\u03b9 \u03c0\u03bf\u03b9\u03ba\u03af\u03bb\u03bf \u03ba\u03cc\u03c3\u03bc\u03bf \u03c4\u03bf\u03c5 \u03b5\u03bb\u03bb\u03b7\u03bd\u03b9\u03ba\u03bf\u03cd \u03ba\u03c1\u03b1\u03c3\u03b9\u03bf\u03cd \u03c3\u03c4\u03bf \u03ba\u03b5\u03bb\u03ac\u03c1\u03b9 \u03c4\u03bf\u03c5 \u00ab\u039a\u03bf\u03cd\u03ba\u03bf\u03c5\u00bb.\u03a4\u03bf\u03c5\u03c2 \u03bb\u03ac\u03c4\u03c1\u03b5\u03b9\u03c2 \u03c4\u03bf\u03c5 \u03ba\u03b1\u03bb\u03bf\u03cd \u03ba\u03c1\u03b1\u03c3\u03b9\u03bf\u03cd \u03c0\u03b5\u03c1\u03b9\u03bc\u03ad\u03bd\u03b5\u03b9 \u03c3\u03c4\u03bf\u03bd \u00ab\u039a\u03bf\u03cd\u03ba\u03bf\u00bb \u03bc\u03b9\u03b1 \u03c0\u03c1\u03bf\u03c3\u03b5\u03ba\u03c4\u03b9\u03ba\u03ac \u03b5\u03c0\u03b9\u03bb\u03b5\u03b3\u03bc\u03ad\u03bd\u03b7 \u03bb\u03af\u03c3\u03c4\u03b1 \u03bc\u03b5 \u03c4\u03b9\u03c2 \u03ba\u03b1\u03bb\u03cd\u03c4\u03b5\u03c1\u03b5\u03c2 \u03b5\u03bb\u03bb\u03b7\u03bd\u03b9\u03ba\u03ad\u03c2 \u03b5\u03c4\u03b9\u03ba\u03ad\u03c4\u03b5\u03c2, \u03b1\u03bb\u03bb\u03ac \u03ba\u03b1\u03b9 blend \u03c0\u03bf\u03b9\u03ba\u03b9\u03bb\u03af\u03b5\u03c2 \u03b3\u03b9\u03b1 \u03cc\u03bb\u03b5\u03c2 \u03c4\u03b9\u03c2 \u03c0\u03c1\u03bf\u03c4\u03b9\u03bc\u03ae\u03c3\u03b5\u03b9\u03c2.\u039c\u03af\u03b1 \u03b5\u03be\u03b1\u03b9\u03c1\u03b5\u03c4\u03b9\u03ba\u03ae \u03bb\u03af\u03c3\u03c4\u03b1 \u03c4\u03c9\u03bd \u03ba\u03b1\u03bb\u03cd\u03c4\u03b5\u03c1\u03c9\u03bd \u03b5\u03bb\u03bb\u03b7\u03bd\u03b9\u03ba\u03ce\u03bd \u03b5\u03c4\u03b9\u03ba\u03b5\u03c4\u03ce\u03bd \u03c6\u03b9\u03bb\u03bf\u03be\u03b5\u03bd\u03bf\u03cd\u03bd\u03c4\u03b1\u03b9 \u03c3\u03c4\u03b7\u03bd \u03ba\u03ac\u03b2\u03b1 \u03c4\u03bf\u03c5 \u00ab\u039a\u03bf\u03cd\u03ba\u03bf\u03c5\u00bb \u03c0\u03bf\u03c5 \u03c7\u03ac\u03c1\u03b7 \u03c3\u03c4\u03b7\u03bd \u03c4\u03b5\u03c7\u03bd\u03bf\u03bb\u03bf\u03b3\u03af\u03b1 vinosafe [&hellip;]<\/p>","protected":false},"author":1,"featured_media":0,"parent":0,"menu_order":0,"comment_status":"closed","ping_status":"closed","template":"page-templates\/home-toggle.php","meta":{"inline_featured_image":false,"footnotes":""},"class_list":["post-2214","page","type-page","status-publish","hentry"],"acf":[],"_links":{"self":[{"href":"https:\/\/koukosrodos.com\/fr\/wp-json\/wp\/v2\/pages\/2214","targetHints":{"allow":["GET"]}}],"collection":[{"href":"https:\/\/koukosrodos.com\/fr\/wp-json\/wp\/v2\/pages"}],"about":[{"href":"https:\/\/koukosrodos.com\/fr\/wp-json\/wp\/v2\/types\/page"}],"author":[{"embeddable":true,"href":"https:\/\/koukosrodos.com\/fr\/wp-json\/wp\/v2\/users\/1"}],"replies":[{"embeddable":true,"href":"https:\/\/koukosrodos.com\/fr\/wp-json\/wp\/v2\/comments?post=2214"}],"version-history":[{"count":60,"href":"https:\/\/koukosrodos.com\/fr\/wp-json\/wp\/v2\/pages\/2214\/revisions"}],"predecessor-version":[{"id":5798,"href":"https:\/\/koukosrodos.com\/fr\/wp-json\/wp\/v2\/pages\/2214\/revisions\/5798"}],"wp:attachment":[{"href":"https:\/\/koukosrodos.com\/fr\/wp-json\/wp\/v2\/media?parent=2214"}],"curies":[{"name":"wp","href":"https:\/\/api.w.org\/{rel}","templated":true}]}}