{"id":4317,"date":"2023-01-03T16:34:33","date_gmt":"2023-01-03T14:34:33","guid":{"rendered":"https:\/\/koukosrodos.com\/?page_id=4317"},"modified":"2025-05-26T09:46:03","modified_gmt":"2025-05-26T06:46:03","slug":"parking","status":"publish","type":"page","link":"https:\/\/koukosrodos.com\/fr\/parking\/","title":{"rendered":"ESPACE PARKING"},"content":{"rendered":"<div data-elementor-type=\"wp-page\" data-elementor-id=\"4317\" class=\"elementor elementor-4317\">\n\t\t\t\t\t\t\t\t\t<section class=\"elementor-section elementor-top-section elementor-element elementor-element-a5ea5a6 elementor-section-full_width elementor-hidden-mobile elementor-section-height-default elementor-section-height-default\" data-id=\"a5ea5a6\" data-element_type=\"section\">\n\t\t\t\t\t\t<div class=\"elementor-container elementor-column-gap-no\">\n\t\t\t\t\t<div class=\"elementor-column elementor-col-100 elementor-top-column elementor-element elementor-element-40a22b6\" data-id=\"40a22b6\" data-element_type=\"column\">\n\t\t\t<div class=\"elementor-widget-wrap elementor-element-populated\">\n\t\t\t\t\t\t\t\t<div class=\"elementor-element elementor-element-0790f65 elementor-align-left elementor-widget elementor-widget-pages-banner\" data-id=\"0790f65\" data-element_type=\"widget\" data-widget_type=\"pages-banner.default\">\n\t\t\t\t<div class=\"elementor-widget-container\">\n\t\t\t\r\n\t\t\t\t<div class=\"banner-header section-padding valign bg-img bg-fixed\" data-overlay-dark=\"4\" data-background=\"https:\/\/koukosrodos.com\/wp-content\/uploads\/2023\/01\/Untitled-3.jpg\">\r\n\t\t\t\t\t<div class=\"container\">\r\n\t\t\t\t<div class=\"row\">\r\n\t\t\t\t\t<div class=\"col-md-12 caption mt-90\">\r\n\t\t\t\t\t\t\t\t\t\t\t\t\t\t\t\t\t\t<h1>Espace Parking<\/h1>\r\n\t\t\t\t\t\t\t\t\t\t\t<\/div>\r\n\t\t\t\t<\/div>\r\n\t\t\t<\/div>\r\n\t\t<\/div>\r\n\r\n\t\t\t<\/div>\n\t\t\t\t<\/div>\n\t\t\t\t\t<\/div>\n\t\t<\/div>\n\t\t\t\t\t\t\t<\/div>\n\t\t<\/section>\n\t\t\t\t<section class=\"elementor-section elementor-top-section elementor-element elementor-element-0cf2430 elementor-section-full_width elementor-hidden-desktop elementor-hidden-tablet elementor-section-height-default elementor-section-height-default\" data-id=\"0cf2430\" data-element_type=\"section\">\n\t\t\t\t\t\t<div class=\"elementor-container elementor-column-gap-no\">\n\t\t\t\t\t<div class=\"elementor-column elementor-col-100 elementor-top-column elementor-element elementor-element-b30985b\" data-id=\"b30985b\" data-element_type=\"column\">\n\t\t\t<div class=\"elementor-widget-wrap elementor-element-populated\">\n\t\t\t\t\t\t\t\t<div class=\"elementor-element elementor-element-37ebd11 elementor-align-left elementor-widget elementor-widget-pages-banner\" data-id=\"37ebd11\" data-element_type=\"widget\" data-widget_type=\"pages-banner.default\">\n\t\t\t\t<div class=\"elementor-widget-container\">\n\t\t\t\r\n\t\t\t\t<div class=\"banner-header section-padding valign bg-img bg-fixed\" data-overlay-dark=\"4\" data-background=\"https:\/\/koukosrodos.com\/wp-content\/uploads\/2023\/01\/parking-mob.jpg\">\r\n\t\t\t\t\t<div class=\"container\">\r\n\t\t\t\t<div class=\"row\">\r\n\t\t\t\t\t<div class=\"col-md-12 caption mt-90\">\r\n\t\t\t\t\t\t\t\t\t\t\t\t\t\t\t\t\t\t<h1>Espace Parking<\/h1>\r\n\t\t\t\t\t\t\t\t\t\t\t<\/div>\r\n\t\t\t\t<\/div>\r\n\t\t\t<\/div>\r\n\t\t<\/div>\r\n\r\n\t\t\t<\/div>\n\t\t\t\t<\/div>\n\t\t\t\t\t<\/div>\n\t\t<\/div>\n\t\t\t\t\t\t\t<\/div>\n\t\t<\/section>\n\t\t\t\t<section class=\"elementor-section elementor-top-section elementor-element elementor-element-aa3fb66 elementor-section-full_width elementor-section-height-default elementor-section-height-default\" data-id=\"aa3fb66\" data-element_type=\"section\" data-settings=\"{&quot;background_background&quot;:&quot;classic&quot;}\">\n\t\t\t\t\t\t<div class=\"elementor-container elementor-column-gap-no\">\n\t\t\t\t\t<div class=\"elementor-column elementor-col-100 elementor-top-column elementor-element elementor-element-f447207\" data-id=\"f447207\" data-element_type=\"column\">\n\t\t\t<div class=\"elementor-widget-wrap elementor-element-populated\">\n\t\t\t\t\t\t\t\t<div class=\"elementor-element elementor-element-ea100ce elementor-align-left elementor-widget elementor-widget-pages-restaurant-content\" data-id=\"ea100ce\" data-element_type=\"widget\" data-widget_type=\"pages-restaurant-content.default\">\n\t\t\t\t<div class=\"elementor-widget-container\">\n\t\t\t\r\n\t\t<section class=\"rooms-page section-padding\" data-scroll-index=\"1\">\r\n\t\t\t<div class=\"container\">\r\n\t\t\t\t<div class=\"row\">\r\n\t\t\t\t\t<div class=\"col-md-12 text-left\"> \r\n\t\t\t\t\t\t<span>\r\n\t\t\t\t\t\t\t\t\t\t\t\t\t\t\t<i class=\"star-rating\"><\/i>\r\n\t\t\t\t\t\t\t\t<i class=\"star-rating\"><\/i>\r\n\t\t\t\t\t\t\t\t<i class=\"star-rating\"><\/i>\r\n\t\t\t\t\t\t\t\t<i class=\"star-rating\"><\/i>\r\n\t\t\t\t\t\t\t\t<i class=\"star-rating\"><\/i>\r\n\t\t\t\t\t\t\t\t\t\t\t\t\t<\/span>\r\n\t\t\t\t\t\t\t\t\t\t\t\t\t\t\t\t\t<\/div>\r\n\t\t\t\t\t<div class=\"col-md-12\">\r\n\t\t\t\t\t\t\t\t\t\t\t\t<p class=\"mb-30\">Se garer au centre-ville n\u2019est plus un processus qui demande du temps et de la patience. Notre nouvel espace priv\u00e9 offre la solution s\u00fbre et s\u00e9curis\u00e9e pour les v\u00e9hicules des h\u00f4tes de notre espace polyvalent.<\/p>\n\n<p>Savourez un s\u00e9jour confortable et s\u00fbr, sans vous pr\u00e9occuper de l\u2019endroit o\u00f9 vous aurez gar\u00e9 votre v\u00e9hicule. Il est en s\u00e9curit\u00e9, tandis que vous travaillez ou faites vos courses au centre-ville.<\/p>\n\t\t\t\t\t\t\t\t\t\t\t\t<ul class=\"list-unstyled page-list mb-30\">\r\n\t\t\t\t\t\t\t\t\t\t\t\t\t<\/ul>\r\n\t\t\t\t\t<\/div>\r\n\t\t\t\t<\/div>\r\n\t\t\t<\/div>\r\n\t\t<\/section>\r\n\r\n\t\t\t<\/div>\n\t\t\t\t<\/div>\n\t\t\t\t\t<\/div>\n\t\t<\/div>\n\t\t\t\t\t\t\t<\/div>\n\t\t<\/section>\n\t\t\t\t<section class=\"elementor-section elementor-top-section elementor-element elementor-element-21f55da elementor-section-content-middle elementor-section-boxed elementor-section-height-default elementor-section-height-default\" data-id=\"21f55da\" data-element_type=\"section\" data-settings=\"{&quot;background_background&quot;:&quot;classic&quot;}\">\n\t\t\t\t\t\t<div class=\"elementor-container elementor-column-gap-no\">\n\t\t\t\t\t<div class=\"elementor-column elementor-col-50 elementor-top-column elementor-element elementor-element-ed8da8a\" data-id=\"ed8da8a\" data-element_type=\"column\">\n\t\t\t<div class=\"elementor-widget-wrap elementor-element-populated\">\n\t\t\t\t\t\t\t\t<div class=\"elementor-element elementor-element-a3fe02d elementor-widget elementor-widget-image\" data-id=\"a3fe02d\" data-element_type=\"widget\" data-widget_type=\"image.default\">\n\t\t\t\t<div class=\"elementor-widget-container\">\n\t\t\t\t\t\t\t\t\t\t\t\t\t\t\t<img loading=\"lazy\" decoding=\"async\" width=\"800\" height=\"800\" src=\"https:\/\/koukosrodos.com\/wp-content\/uploads\/2023\/01\/koukos-parking.jpg\" class=\"attachment-full size-full wp-image-4367\" alt=\"\" srcset=\"https:\/\/koukosrodos.com\/wp-content\/uploads\/2023\/01\/koukos-parking.jpg 800w, https:\/\/koukosrodos.com\/wp-content\/uploads\/2023\/01\/koukos-parking-300x300.jpg 300w, https:\/\/koukosrodos.com\/wp-content\/uploads\/2023\/01\/koukos-parking-150x150.jpg 150w, https:\/\/koukosrodos.com\/wp-content\/uploads\/2023\/01\/koukos-parking-768x768.jpg 768w\" sizes=\"auto, (max-width: 800px) 100vw, 800px\" \/>\t\t\t\t\t\t\t\t\t\t\t\t\t\t\t<\/div>\n\t\t\t\t<\/div>\n\t\t\t\t\t<\/div>\n\t\t<\/div>\n\t\t\t\t<div class=\"elementor-column elementor-col-50 elementor-top-column elementor-element elementor-element-e485935\" data-id=\"e485935\" data-element_type=\"column\" data-settings=\"{&quot;background_background&quot;:&quot;classic&quot;}\">\n\t\t\t<div class=\"elementor-widget-wrap elementor-element-populated\">\n\t\t\t\t\t\t\t\t<div class=\"elementor-element elementor-element-40030c0 elementor-widget elementor-widget-text-editor\" data-id=\"40030c0\" data-element_type=\"widget\" data-widget_type=\"text-editor.default\">\n\t\t\t\t<div class=\"elementor-widget-container\">\n\t\t\t\t\t\t\t<h3>Tarifs Parking<\/h3><p>Le parking:<\/p><ul><li>\u00e0 <strong>4 heures<\/strong> co\u00fbte <strong>7\u20ac<\/strong><\/li><li><strong>24 heures<\/strong> co\u00fbte <strong>11\u20ac<\/strong><\/li><\/ul><p>Possibilit\u00e9 de louer une place pour autos et motos, au mois<\/p>\t\t\t\t\t\t<\/div>\n\t\t\t\t<\/div>\n\t\t\t\t<div class=\"elementor-element elementor-element-78465e4 elementor-widget elementor-widget-text-editor\" data-id=\"78465e4\" data-element_type=\"widget\" data-widget_type=\"text-editor.default\">\n\t\t\t\t<div class=\"elementor-widget-container\">\n\t\t\t\t\t\t\t<h3>R\u00e9servations<\/h3><p>Pour r\u00e9server votre place de parking, contactez-nous au num\u00e9ro 22410 73022.<br \/>Veuillez informer la r\u00e9ception au moment de votre arriv\u00e9e et de votre d\u00e9part du parking.<\/p>\t\t\t\t\t\t<\/div>\n\t\t\t\t<\/div>\n\t\t\t\t<div class=\"elementor-element elementor-element-c04136b elementor-widget elementor-widget-button\" data-id=\"c04136b\" data-element_type=\"widget\" data-widget_type=\"button.default\">\n\t\t\t\t<div class=\"elementor-widget-container\">\n\t\t\t\t\t<div class=\"elementor-button-wrapper\">\n\t\t\t<a class=\"elementor-button elementor-button-link elementor-size-md\" href=\"https:\/\/koukosrodos.com\/fr\/contact\/\">\n\t\t\t\t\t\t<span class=\"elementor-button-content-wrapper\">\n\t\t\t\t\t\t<span class=\"elementor-button-text\">NOUS CONTACTER<\/span>\n\t\t<\/span>\n\t\t\t\t\t<\/a>\n\t\t<\/div>\n\t\t\t\t<\/div>\n\t\t\t\t<\/div>\n\t\t\t\t\t<\/div>\n\t\t<\/div>\n\t\t\t\t\t\t\t<\/div>\n\t\t<\/section>\n\t\t\t\t\t\t\t<\/div>","protected":false},"excerpt":{"rendered":"<p>\u03a7\u03ce\u03c1\u03bf\u03c2 \u03a3\u03c4\u03ac\u03b8\u03bc\u03b5\u03c5\u03c3\u03b7\u03c2 \u03a7\u03ce\u03c1\u03bf\u03c2 \u03a3\u03c4\u03ac\u03b8\u03bc\u03b5\u03c5\u03c3\u03b7\u03c2 \u0397 \u03c3\u03c4\u03ac\u03b8\u03bc\u03b5\u03c5\u03c3\u03b7 \u03c3\u03c4\u03bf \u03ba\u03ad\u03bd\u03c4\u03c1\u03bf \u03c4\u03b7\u03c2 \u03c0\u03cc\u03bb\u03b7\u03c2 \u03b4\u03b5\u03bd \u03b1\u03c0\u03bf\u03c4\u03b5\u03bb\u03b5\u03af \u03c0\u03b9\u03b1 \u03bc\u03b9\u03b1 \u03c7\u03c1\u03bf\u03bd\u03bf\u03b2\u03cc\u03c1\u03b1 \u03b4\u03b9\u03b1\u03b4\u03b9\u03ba\u03b1\u03c3\u03af\u03b1. \u039f \u03bd\u03ad\u03bf\u03c2 \u03b9\u03b4\u03b9\u03c9\u03c4\u03b9\u03ba\u03cc\u03c2 \u03bc\u03b1\u03c2 \u03c7\u03ce\u03c1\u03bf\u03c2 \u03c0\u03c1\u03bf\u03c3\u03c6\u03ad\u03c1\u03b5\u03b9 \u03c4\u03b7 \u03bb\u03cd\u03c3\u03b7 \u03b3\u03b9\u03b1 \u03bc\u03af\u03b1 \u03b1\u03c3\u03c6\u03b1\u03bb\u03ae \u03ba\u03b1\u03b9 \u03c5\u03c0\u03cc \u03c3\u03c5\u03bd\u03b5\u03c7\u03ae \u03c0\u03b1\u03c1\u03b1\u03ba\u03bf\u03bb\u03bf\u03cd\u03b8\u03b7\u03c3\u03b7 \u03c3\u03c4\u03ac\u03b8\u03bc\u03b5\u03c5\u03c3\u03b7, \u03b3\u03b9\u03b1 \u03b5\u03c0\u03b9\u03c3\u03ba\u03ad\u03c0\u03c4\u03b5\u03c2 \u03c4\u03bf\u03c5 \u03c0\u03bf\u03bb\u03c5\u03c7\u03ce\u03c1\u03bf\u03c5 \u03ba\u03b1\u03b9 \u03bc\u03b7. \u0391\u03c0\u03bf\u03bb\u03b1\u03cd\u03c3\u03c4\u03b5 \u03bc\u03b9\u03b1 \u03ac\u03bd\u03b5\u03c4\u03b7 \u03ba\u03b1\u03b9 \u03b1\u03c3\u03c6\u03b1\u03bb\u03ae \u03b4\u03b9\u03b1\u03bc\u03bf\u03bd\u03ae \u03c7\u03c9\u03c1\u03af\u03c2 \u03bd\u03b1 \u03c0\u03c1\u03bf\u03b2\u03bb\u03b7\u03bc\u03b1\u03c4\u03af\u03b6\u03b5\u03c3\u03c4\u03b5 \u03b3\u03b9\u03b1 \u03c4\u03bf \u03c0\u03bf\u03cd \u03ba\u03b1\u03b9 \u03c4\u03bf \u03c0\u03cc\u03c3\u03bf \u03bc\u03b1\u03ba\u03c1\u03b9\u03ac \u03ad\u03c7\u03b5\u03c4\u03b5 [&hellip;]<\/p>","protected":false},"author":1,"featured_media":0,"parent":0,"menu_order":0,"comment_status":"closed","ping_status":"closed","template":"page-templates\/home-toggle.php","meta":{"inline_featured_image":false,"footnotes":""},"class_list":["post-4317","page","type-page","status-publish","hentry"],"acf":[],"_links":{"self":[{"href":"https:\/\/koukosrodos.com\/fr\/wp-json\/wp\/v2\/pages\/4317","targetHints":{"allow":["GET"]}}],"collection":[{"href":"https:\/\/koukosrodos.com\/fr\/wp-json\/wp\/v2\/pages"}],"about":[{"href":"https:\/\/koukosrodos.com\/fr\/wp-json\/wp\/v2\/types\/page"}],"author":[{"embeddable":true,"href":"https:\/\/koukosrodos.com\/fr\/wp-json\/wp\/v2\/users\/1"}],"replies":[{"embeddable":true,"href":"https:\/\/koukosrodos.com\/fr\/wp-json\/wp\/v2\/comments?post=4317"}],"version-history":[{"count":96,"href":"https:\/\/koukosrodos.com\/fr\/wp-json\/wp\/v2\/pages\/4317\/revisions"}],"predecessor-version":[{"id":5762,"href":"https:\/\/koukosrodos.com\/fr\/wp-json\/wp\/v2\/pages\/4317\/revisions\/5762"}],"wp:attachment":[{"href":"https:\/\/koukosrodos.com\/fr\/wp-json\/wp\/v2\/media?parent=4317"}],"curies":[{"name":"wp","href":"https:\/\/api.w.org\/{rel}","templated":true}]}}