{"id":1931,"date":"2022-11-29T10:47:42","date_gmt":"2022-11-29T08:47:42","guid":{"rendered":"https:\/\/koukosrodos.com\/?page_id=1931"},"modified":"2025-12-02T10:42:42","modified_gmt":"2025-12-02T08:42:42","slug":"gastronomy","status":"publish","type":"page","link":"https:\/\/koukosrodos.com\/tr\/gastronomy\/","title":{"rendered":"GASTRONOM\u0130"},"content":{"rendered":"<div data-elementor-type=\"wp-page\" data-elementor-id=\"1931\" class=\"elementor elementor-1931\">\n\t\t\t\t\t\t\t\t\t<section class=\"elementor-section elementor-top-section elementor-element elementor-element-a5ea5a6 elementor-section-full_width elementor-section-height-default elementor-section-height-default\" data-id=\"a5ea5a6\" data-element_type=\"section\">\n\t\t\t\t\t\t<div class=\"elementor-container elementor-column-gap-no\">\n\t\t\t\t\t<div class=\"elementor-column elementor-col-100 elementor-top-column elementor-element elementor-element-40a22b6\" data-id=\"40a22b6\" data-element_type=\"column\">\n\t\t\t<div class=\"elementor-widget-wrap elementor-element-populated\">\n\t\t\t\t\t\t\t\t<div class=\"elementor-element elementor-element-0790f65 elementor-align-left elementor-widget elementor-widget-pages-banner\" data-id=\"0790f65\" data-element_type=\"widget\" data-widget_type=\"pages-banner.default\">\n\t\t\t\t<div class=\"elementor-widget-container\">\n\t\t\t\r\n\t\t\t\t<div class=\"banner-header section-padding valign bg-img bg-fixed\" data-overlay-dark=\"4\" data-background=\"https:\/\/koukosrodos.com\/wp-content\/uploads\/2022\/11\/gastronomy-ft2-1.jpg\">\r\n\t\t\t\t\t<div class=\"container\">\r\n\t\t\t\t<div class=\"row\">\r\n\t\t\t\t\t<div class=\"col-md-12 caption mt-90\">\r\n\t\t\t\t\t\t\t\t\t\t\t\t\t\t\t\t\t\t<h1>Gastronomi<\/h1>\r\n\t\t\t\t\t\t\t\t\t\t\t<\/div>\r\n\t\t\t\t<\/div>\r\n\t\t\t<\/div>\r\n\t\t<\/div>\r\n\r\n\t\t\t<\/div>\n\t\t\t\t<\/div>\n\t\t\t\t\t<\/div>\n\t\t<\/div>\n\t\t\t\t\t\t\t<\/div>\n\t\t<\/section>\n\t\t\t\t<section class=\"elementor-section elementor-top-section elementor-element elementor-element-0e5e681 elementor-section-boxed elementor-section-height-default elementor-section-height-default\" data-id=\"0e5e681\" data-element_type=\"section\" data-settings=\"{&quot;background_background&quot;:&quot;classic&quot;}\">\n\t\t\t\t\t\t<div class=\"elementor-container elementor-column-gap-no\">\n\t\t\t\t\t<div class=\"elementor-column elementor-col-100 elementor-top-column elementor-element elementor-element-8f4ce31\" data-id=\"8f4ce31\" data-element_type=\"column\">\n\t\t\t<div class=\"elementor-widget-wrap elementor-element-populated\">\n\t\t\t\t\t\t\t\t<div class=\"elementor-element elementor-element-7e4aa7f elementor-align-left elementor-widget elementor-widget-pages-restaurant-content\" data-id=\"7e4aa7f\" data-element_type=\"widget\" data-widget_type=\"pages-restaurant-content.default\">\n\t\t\t\t<div class=\"elementor-widget-container\">\n\t\t\t\r\n\t\t<section class=\"rooms-page section-padding\" data-scroll-index=\"1\">\r\n\t\t\t<div class=\"container\">\r\n\t\t\t\t<div class=\"row\">\r\n\t\t\t\t\t<div class=\"col-md-12 text-left\"> \r\n\t\t\t\t\t\t<span>\r\n\t\t\t\t\t\t\t\t\t\t\t\t\t\t\t<i class=\"star-rating\"><\/i>\r\n\t\t\t\t\t\t\t\t<i class=\"star-rating\"><\/i>\r\n\t\t\t\t\t\t\t\t<i class=\"star-rating\"><\/i>\r\n\t\t\t\t\t\t\t\t<i class=\"star-rating\"><\/i>\r\n\t\t\t\t\t\t\t\t<i class=\"star-rating\"><\/i>\r\n\t\t\t\t\t\t\t\t\t\t\t\t\t<\/span>\r\n\t\t\t\t\t\t\t\t\t\t\t\t\t\t\t\t\t\t\t<div class=\"section-title\">[\u03b3astronom\u00eda]:\u00a0<\/div>\r\n\t\t\t\t\t\t\t\t\t\t\t<\/div>\r\n\t\t\t\t\t<div class=\"col-md-12\">\r\n\t\t\t\t\t\t\t\t\t\t\t\t<p class=\"mb-30\">Zengin ve lezzetli yemek haz\u0131rlama sanat\u0131.<\/p>\n\n<p>Geleneksel odun f\u0131r\u0131n\u0131ndan \u00e7\u0131kan taze pi\u015fmi\u015f ekmek kokusuyla uyan\u0131n ve kaliteli kahveleri tadarken \u00e7e\u015fitli hamur i\u015fleri aras\u0131ndan se\u00e7im yaparak kahvalt\u0131n\u0131z\u0131n tad\u0131n\u0131 \u00e7\u0131kar\u0131n. Yunan gastronomisini yak\u0131ndan tan\u0131yarak \u00f6\u011fle yeme\u011finizi yiyin ve kaliteli \u015faraplar e\u015fli\u011finde e\u015fsiz bir ak\u015fam yeme\u011finin tad\u0131n\u0131 \u00e7\u0131kar\u0131n. \u00c7ok ama\u00e7l\u0131 tesis \"Koukos\", farkl\u0131 mutfak taleplerini kar\u015f\u0131layan gastronomik bir seyahat sunar.<\/p>\t\t\t\t\t\t\t\t\t\t\t\t<ul class=\"list-unstyled page-list mb-30\">\r\n\t\t\t\t\t\t\t\t\t\t\t\t\t<\/ul>\r\n\t\t\t\t\t<\/div>\r\n\t\t\t\t<\/div>\r\n\t\t\t<\/div>\r\n\t\t<\/section>\r\n\r\n\t\t\t<\/div>\n\t\t\t\t<\/div>\n\t\t\t\t<div class=\"elementor-element elementor-element-8e6c9aa elementor-align-left elementor-widget__width-auto elementor-widget elementor-widget-button\" data-id=\"8e6c9aa\" data-element_type=\"widget\" data-widget_type=\"button.default\">\n\t\t\t\t<div class=\"elementor-widget-container\">\n\t\t\t\t\t<div class=\"elementor-button-wrapper\">\n\t\t\t<a class=\"elementor-button elementor-button-link elementor-size-lg\" href=\"https:\/\/koukosrodos.com\/tr\/menu\/\">\n\t\t\t\t\t\t<span class=\"elementor-button-content-wrapper\">\n\t\t\t\t\t\t<span class=\"elementor-button-text\">\u0394\u0395\u0399\u03a4\u0395 \u03a4\u039f \u039c\u0395\u039d\u039f\u03a5<\/span>\n\t\t<\/span>\n\t\t\t\t\t<\/a>\n\t\t<\/div>\n\t\t\t\t<\/div>\n\t\t\t\t<\/div>\n\t\t\t\t<div class=\"elementor-element elementor-element-69baee0 elementor-align-left elementor-widget__width-auto elementor-widget elementor-widget-button\" data-id=\"69baee0\" data-element_type=\"widget\" data-widget_type=\"button.default\">\n\t\t\t\t<div class=\"elementor-widget-container\">\n\t\t\t\t\t<div class=\"elementor-button-wrapper\">\n\t\t\t<a class=\"elementor-button elementor-button-link elementor-size-lg\" href=\"https:\/\/www.i-host.gr\/reservations\/new?restaurant=2407&#038;channel=website\" target=\"_blank\" rel=\"noopener\">\n\t\t\t\t\t\t<span class=\"elementor-button-content-wrapper\">\n\t\t\t\t\t\t<span class=\"elementor-button-text\">Rezervasyon yap\u0131n<\/span>\n\t\t<\/span>\n\t\t\t\t\t<\/a>\n\t\t<\/div>\n\t\t\t\t<\/div>\n\t\t\t\t<\/div>\n\t\t\t\t\t<\/div>\n\t\t<\/div>\n\t\t\t\t\t\t\t<\/div>\n\t\t<\/section>\n\t\t\t\t<section class=\"elementor-section elementor-top-section elementor-element elementor-element-886fc70 elementor-section-full_width elementor-section-height-default elementor-section-height-default\" data-id=\"886fc70\" data-element_type=\"section\">\n\t\t\t\t\t\t<div class=\"elementor-container elementor-column-gap-no\">\n\t\t\t\t\t<div class=\"elementor-column elementor-col-100 elementor-top-column elementor-element elementor-element-83fe4db\" data-id=\"83fe4db\" data-element_type=\"column\">\n\t\t\t<div class=\"elementor-widget-wrap elementor-element-populated\">\n\t\t\t\t\t\t\t\t<div class=\"elementor-element elementor-element-0b4c480 elementor-align-left elementor-widget elementor-widget-home-services-2\" data-id=\"0b4c480\" data-element_type=\"widget\" data-widget_type=\"home-services-2.default\">\n\t\t\t\t<div class=\"elementor-widget-container\">\n\t\t\t\r\n\t\t<section class=\"services section-padding\">\r\n\t\t\t<div class=\"container\">\r\n\t\t\t\t\t\t\t\t\t\t\t\t\t\t\t<div class=\"row\">\r\n\t\t\t\t\t\t\t<div class=\"col-md-6 p-0 animate-box\" data-animate-effect=\"fadeInLeft\">\r\n\t\t\t\t\t\t\t\t\t\t\t\t\t\t\t\t\t<div class=\"img left\">\r\n\t\t\t\t\t\t\t\t\t\t<a href=\"https:\/\/koukosrodos.com\/tr\/bakery-pastry\/\"><img decoding=\"async\" src=\"https:\/\/koukosrodos.com\/wp-content\/uploads\/2022\/12\/brunch-ft-1.jpg\" alt=\"\"><\/a>\r\n\t\t\t\t\t\t\t\t\t<\/div>\r\n\t\t\t\t\t\t\t\t\t\t\t\t\t\t\t<\/div>\r\n\t\t\t\t\t\t\t\t\t\t\t\t\t\t<div class=\"col-md-6 p-0 bg-cream valign animate-box\" data-animate-effect=\"fadeInRight\">\r\n\t\t\t\t\t\t\t\t \r\n\t\t\t\t\t\t\t\t<div class=\"content\">\r\n\t\t\t\t\t\t\t\t\t<div class=\"cont text-left\">\r\n\t\t\t\t\t\t\t\t\t\t\t\t\t\t\t\t\t\t\t\t\t\t\t\t\t\t\t\t\t\t\t<h4>Sabah &amp; \u0391k\u015fam\u00fcst\u00fc Keyfi<\/h4>\r\n\t\t\t\t\t\t\t\t\t\t\t\t\t\t\t\t\t\t\t\t\t\t\t\t\t\t\t\t\t\t\t<p>Taze pi\u015fmi\u015f ekme\u011fin lezzetli kokusu duyular\u0131n\u0131z\u0131 en iyi \u015fekilde uyand\u0131r\u0131r. \"Koukos\"ta her g\u00fcn kendi odun f\u0131r\u0131nlar\u0131m\u0131zda pi\u015firilen duman\u0131 \u00fczerinde taptaze ekmekler pi\u015firiyoruz. <\/p>\r\n\t\t\t\t\t\t\t\t\t\t\t\t\t\t\t\t\t\t\t\t\t\t\t\t\t\t\t\t\t\t\t<div class=\"butn-dark\"> <a href=\"https:\/\/koukosrodos.com\/tr\/bakery-pastry\/\"><span>DAHA FAZLASI<\/span><\/a> <\/div>\r\n\t\t\t\t\t\t\t\t\t\t\t\t\t\t\t\t\t\t\t<\/div>\r\n\t\t\t\t\t\t\t\t<\/div>\r\n\t\t\t\t\t\t\t<\/div>\r\n\t\t\t\t\t\t<\/div>\r\n\t\t\t\t\t\t\t\t\t\t\t\t\t\t\t\t\t\t\t\t\t\t\t<div class=\"row\">\r\n\t\t\t\t\t\t\t\t\t\t\t\t\t\t\t\t<div class=\"col-md-6 bg-cream p-0 order2 valign animate-box\" data-animate-effect=\"fadeInLeft\">\r\n\t\t\t\t\t\t\t\t\t \r\n\t\t\t\t\t\t\t\t\t<div class=\"content\">\r\n\t\t\t\t\t\t\t\t\t\t<div class=\"cont text-left\">\r\n\t\t\t\t\t\t\t\t\t\t\t\t\t\t\t\t\t\t\t\t\t\t\t\t\t\t\t\t\t\t\t\t\t\t<h4>Lezzet Yolculu\u011fu<\/h4>\r\n\t\t\t\t\t\t\t\t\t\t\t\t\t\t\t\t\t\t\t\t\t\t\t\t\t\t\t\t\t\t\t\t\t\t<p>Sofraya davet her zaman ki\u015filerin birlik ve ba\u011flant\u0131 an\u0131 anlam\u0131na gelmi\u015ftir. Sofrada tatlar an\u0131lara d\u00f6n\u00fc\u015f\u00fcr... <\/p>\r\n\t\t\t\t\t\t\t\t\t\t\t\t\t\t\t\t\t\t\t\t\t\t\t\t\t\t\t\t\t\t\t\t\t\t<div class=\"butn-dark\"> <a href=\"https:\/\/koukosrodos.com\/tr\/tasty-journey\/\"><span>DAHA FAZLASI<\/span><\/a> <\/div>\r\n\t\t\t\t\t\t\t\t\t\t\t\t\t\t\t\t\t\t\t\t\t<\/div>\r\n\t\t\t\t\t\t\t\t\t<\/div>\r\n\t\t\t\t\t\t\t\t<\/div>\r\n\t\t\t\t\t\t\t\t<div class=\"col-md-6 p-0 order1 animate-box\" data-animate-effect=\"fadeInRight\">\r\n\t\t\t\t\t\t\t\t\t\t\t\t\t\t\t\t\t\t\t<div class=\"img\">\r\n\t\t\t\t\t\t\t\t\t\t\t<a href=\"https:\/\/koukosrodos.com\/tr\/tasty-journey\/\"><img decoding=\"async\" src=\"https:\/\/koukosrodos.com\/wp-content\/uploads\/2022\/12\/gastronomy-ft-1.jpg\" alt=\"\"><\/a>\r\n\t\t\t\t\t\t\t\t\t\t<\/div>\r\n\t\t\t\t\t\t\t\t\t\t\t\t\t\t\t\t\t<\/div>\r\n\t\t\t\t\t\t\t<\/div>\r\n\t\t\t\t\t\t\t\t\t\t\t\t\t\t\t\t\t\t\t\t\t\t<div class=\"row\">\r\n\t\t\t\t\t\t\t<div class=\"col-md-6 p-0 animate-box\" data-animate-effect=\"fadeInLeft\">\r\n\t\t\t\t\t\t\t\t\t\t\t\t\t\t\t\t\t<div class=\"img left\">\r\n\t\t\t\t\t\t\t\t\t\t<a href=\"https:\/\/koukosrodos.com\/tr\/wine-cellar\/\"><img decoding=\"async\" src=\"https:\/\/koukosrodos.com\/wp-content\/uploads\/2022\/11\/cellar.jpg\" alt=\"\"><\/a>\r\n\t\t\t\t\t\t\t\t\t<\/div>\r\n\t\t\t\t\t\t\t\t\t\t\t\t\t\t\t<\/div>\r\n\t\t\t\t\t\t\t\t\t\t\t\t\t\t<div class=\"col-md-6 p-0 bg-cream valign animate-box\" data-animate-effect=\"fadeInRight\">\r\n\t\t\t\t\t\t\t\t \r\n\t\t\t\t\t\t\t\t<div class=\"content\">\r\n\t\t\t\t\t\t\t\t\t<div class=\"cont text-left\">\r\n\t\t\t\t\t\t\t\t\t\t\t\t\t\t\t\t\t\t\t\t\t\t\t\t\t\t\t\t\t\t\t<h4>\u039ailer<\/h4>\r\n\t\t\t\t\t\t\t\t\t\t\t\t\t\t\t\t\t\t\t\t\t\t\t\t\t\t\t\t\t\t\t<p>\"Koukos\"un mahzeninde Yunan \u015faraplar\u0131n\u0131n zengin ve \u00e7e\u015fitli d\u00fcnyas\u0131n\u0131 ke\u015ffedin. Her zevke uygun en iyi Yunan etiketleri ve harman \u00e7e\u015fitlerinden olu\u015fan \u00f6zenle se\u00e7ilmi\u015f bir liste \"Koukos\"ta \u015farap severleri bekliyor.<\/p>\r\n\t\t\t\t\t\t\t\t\t\t\t\t\t\t\t\t\t\t\t\t\t\t\t\t\t\t\t\t\t\t\t<div class=\"butn-dark\"> <a href=\"https:\/\/koukosrodos.com\/tr\/wine-cellar\/\"><span>DAHA FAZLASI<\/span><\/a> <\/div>\r\n\t\t\t\t\t\t\t\t\t\t\t\t\t\t\t\t\t\t\t<\/div>\r\n\t\t\t\t\t\t\t\t<\/div>\r\n\t\t\t\t\t\t\t<\/div>\r\n\t\t\t\t\t\t<\/div>\r\n\t\t\t\t\t\t\t\t\t\t\t\t\t\t\t\t\t\t\t\t\t\t\t<div class=\"row\">\r\n\t\t\t\t\t\t\t\t\t\t\t\t\t\t\t\t<div class=\"col-md-6 bg-cream p-0 order2 valign animate-box\" data-animate-effect=\"fadeInLeft\">\r\n\t\t\t\t\t\t\t\t\t \r\n\t\t\t\t\t\t\t\t\t<div class=\"content\">\r\n\t\t\t\t\t\t\t\t\t\t<div class=\"cont text-left\">\r\n\t\t\t\t\t\t\t\t\t\t\t\t\t\t\t\t\t\t\t\t\t\t\t\t\t\t\t\t\t\t\t\t\t\t<h4>Kafe &amp; Kokteyl<\/h4>\r\n\t\t\t\t\t\t\t\t\t\t\t\t\t\t\t\t\t\t\t\t\t\t\t\t\t\t\t\t\t\t\t\t\t\t<p>\u015eehrin en g\u00fczel noktas\u0131nda, enfes aromal\u0131 kahve kar\u0131\u015f\u0131mlar\u0131n\u0131 tadarak en sevdi\u011finiz g\u00fcnl\u00fck al\u0131\u015fkanl\u0131\u011f\u0131n\u0131z\u0131n tad\u0131n\u0131 \u00e7\u0131kar\u0131n. Ak\u015famlar\u0131n\u0131za kalite ve e\u015fsiz bir renk katacak \u00e7e\u015fitli serinletici \u00f6zel kokteyller aras\u0131ndan se\u00e7im yap\u0131n.<\/p>\r\n\t\t\t\t\t\t\t\t\t\t\t\t\t\t\t\t\t\t\t\t\t\t\t\t\t\t\t\t\t\t\t\t\t\t<div class=\"butn-dark\"> <a href=\"https:\/\/koukosrodos.com\/tr\/coffee-cocktails\/\"><span>DAHA FAZLASI<\/span><\/a> <\/div>\r\n\t\t\t\t\t\t\t\t\t\t\t\t\t\t\t\t\t\t\t\t\t<\/div>\r\n\t\t\t\t\t\t\t\t\t<\/div>\r\n\t\t\t\t\t\t\t\t<\/div>\r\n\t\t\t\t\t\t\t\t<div class=\"col-md-6 p-0 order1 animate-box\" data-animate-effect=\"fadeInRight\">\r\n\t\t\t\t\t\t\t\t\t\t\t\t\t\t\t\t\t\t\t<div class=\"img\">\r\n\t\t\t\t\t\t\t\t\t\t\t<a href=\"https:\/\/koukosrodos.com\/tr\/coffee-cocktails\/\"><img decoding=\"async\" src=\"https:\/\/koukosrodos.com\/wp-content\/uploads\/2022\/12\/cocteil-ft.jpg\" alt=\"\"><\/a>\r\n\t\t\t\t\t\t\t\t\t\t<\/div>\r\n\t\t\t\t\t\t\t\t\t\t\t\t\t\t\t\t\t<\/div>\r\n\t\t\t\t\t\t\t<\/div>\r\n\t\t\t\t\t\t\t\t\t\t\t\t\t\t\t<\/div>\r\n\t\t\t<\/section>\r\n\r\n\r\n\t\t\t<\/div>\n\t\t\t\t<\/div>\n\t\t\t\t\t<\/div>\n\t\t<\/div>\n\t\t\t\t\t\t\t<\/div>\n\t\t<\/section>\n\t\t\t\t\t\t\t<\/div>","protected":false},"excerpt":{"rendered":"<p>\u0393\u03b1\u03c3\u03c4\u03c1\u03bf\u03bd\u03bf\u03bc\u03af\u03b1 [\u03b3astronom\u00eda]:\u00a0 \u0397 \u03c4\u03ad\u03c7\u03bd\u03b7 \u03b3\u03b9\u03b1 \u03c4\u03b7\u03bd \u03c0\u03b1\u03c1\u03b1\u03c3\u03ba\u03b5\u03c5\u03ae \u03b5\u03bd\u03cc\u03c2 \u03c0\u03bb\u03bf\u03cd\u03c3\u03b9\u03bf\u03c5 \u03ba\u03b1\u03b9 \u03b3\u03b5\u03c5\u03c3\u03c4\u03b9\u03ba\u03bf\u03cd \u03b3\u03b5\u03cd\u03bc\u03b1\u03c4\u03bf\u03c2. \u039e\u03c5\u03c0\u03bd\u03ae\u03c3\u03c4\u03b5 \u03bc\u03b5 \u03c4\u03b7 \u03bc\u03c5\u03c1\u03c9\u03b4\u03b9\u03ac \u03c6\u03c1\u03ad\u03c3\u03ba\u03bf\u03c5 \u03c8\u03c9\u03bc\u03b9\u03bf\u03cd \u03b1\u03c0\u03cc \u03c4\u03bf\u03bd \u03c0\u03b1\u03c1\u03b1\u03b4\u03bf\u03c3\u03b9\u03b1\u03ba\u03cc \u03be\u03c5\u03bb\u03cc\u03c6\u03bf\u03c5\u03c1\u03bd\u03bf \u03ba\u03b9 \u03b1\u03c0\u03bf\u03bb\u03b1\u03cd\u03c3\u03c4\u03b5 \u03c4\u03bf \u03c0\u03c1\u03c9\u03b9\u03bd\u03cc \u03c3\u03b1\u03c2 \u03b5\u03c0\u03b9\u03bb\u03ad\u03b3\u03bf\u03bd\u03c4\u03b1\u03c2 \u03b1\u03bd\u03ac\u03bc\u03b5\u03c3\u03b1 \u03c3\u03b5 \u03c0\u03bb\u03ae\u03b8\u03bf\u03c2 \u03b1\u03c1\u03c4\u03bf\u03c3\u03ba\u03b5\u03c5\u03b1\u03c3\u03bc\u03ac\u03c4\u03c9\u03bd, \u03ba\u03b1\u03b8\u03ce\u03c2 \u03b3\u03b5\u03cd\u03b5\u03c3\u03c4\u03b5 \u03b5\u03ba\u03bb\u03b5\u03ba\u03c4\u03ad\u03c2 \u03c0\u03bf\u03b9\u03ba\u03b9\u03bb\u03af\u03b5\u03c2 \u03ba\u03b1\u03c6\u03ad. \u0393\u03b5\u03c5\u03bc\u03b1\u03c4\u03af\u03c3\u03c4\u03b5 \u03b3\u03bd\u03c9\u03c1\u03af\u03b6\u03bf\u03bd\u03c4\u03b1\u03c2 \u03c4\u03b7\u03bd \u03b5\u03bb\u03bb\u03b7\u03bd\u03b9\u03ba\u03ae \u03b3\u03b1\u03c3\u03c4\u03c1\u03bf\u03bd\u03bf\u03bc\u03af\u03b1 \u03ba\u03b1\u03b9 \u03b1\u03c0\u03bf\u03bb\u03b1\u03cd\u03c3\u03c4\u03b5 \u03ad\u03bd\u03b1 \u03bc\u03bf\u03bd\u03b1\u03b4\u03b9\u03ba\u03cc \u03b4\u03b5\u03af\u03c0\u03bd\u03bf \u03c5\u03c0\u03cc \u03c4\u03b7 \u03c3\u03c5\u03bd\u03bf\u03b4\u03b5\u03af\u03b1 \u03ba\u03b1\u03bb\u03bf\u03cd \u03ba\u03c1\u03b1\u03c3\u03b9\u03bf\u03cd. \u039f \u03c0\u03bf\u03bb\u03c5\u03c7\u03ce\u03c1\u03bf\u03c2 \u00ab\u039a\u03bf\u03cd\u03ba\u03bf\u03c2\u00bb [&hellip;]<\/p>","protected":false},"author":1,"featured_media":0,"parent":0,"menu_order":0,"comment_status":"closed","ping_status":"closed","template":"page-templates\/home-toggle.php","meta":{"inline_featured_image":false,"footnotes":""},"class_list":["post-1931","page","type-page","status-publish","hentry"],"acf":[],"_links":{"self":[{"href":"https:\/\/koukosrodos.com\/tr\/wp-json\/wp\/v2\/pages\/1931","targetHints":{"allow":["GET"]}}],"collection":[{"href":"https:\/\/koukosrodos.com\/tr\/wp-json\/wp\/v2\/pages"}],"about":[{"href":"https:\/\/koukosrodos.com\/tr\/wp-json\/wp\/v2\/types\/page"}],"author":[{"embeddable":true,"href":"https:\/\/koukosrodos.com\/tr\/wp-json\/wp\/v2\/users\/1"}],"replies":[{"embeddable":true,"href":"https:\/\/koukosrodos.com\/tr\/wp-json\/wp\/v2\/comments?post=1931"}],"version-history":[{"count":144,"href":"https:\/\/koukosrodos.com\/tr\/wp-json\/wp\/v2\/pages\/1931\/revisions"}],"predecessor-version":[{"id":5952,"href":"https:\/\/koukosrodos.com\/tr\/wp-json\/wp\/v2\/pages\/1931\/revisions\/5952"}],"wp:attachment":[{"href":"https:\/\/koukosrodos.com\/tr\/wp-json\/wp\/v2\/media?parent=1931"}],"curies":[{"name":"wp","href":"https:\/\/api.w.org\/{rel}","templated":true}]}}