{"id":2171,"date":"2022-11-29T14:18:24","date_gmt":"2022-11-29T12:18:24","guid":{"rendered":"https:\/\/koukosrodos.com\/?page_id=2171"},"modified":"2023-01-24T16:00:31","modified_gmt":"2023-01-24T14:00:31","slug":"history","status":"publish","type":"page","link":"https:\/\/koukosrodos.com\/tr\/history\/","title":{"rendered":"Tarih\u00e7e"},"content":{"rendered":"<div data-elementor-type=\"wp-page\" data-elementor-id=\"2171\" class=\"elementor elementor-2171\">\n\t\t\t\t\t\t\t\t\t<section class=\"elementor-section elementor-top-section elementor-element elementor-element-a5ea5a6 elementor-section-full_width elementor-section-height-default elementor-section-height-default\" data-id=\"a5ea5a6\" data-element_type=\"section\">\n\t\t\t\t\t\t<div class=\"elementor-container elementor-column-gap-no\">\n\t\t\t\t\t<div class=\"elementor-column elementor-col-100 elementor-top-column elementor-element elementor-element-40a22b6\" data-id=\"40a22b6\" data-element_type=\"column\">\n\t\t\t<div class=\"elementor-widget-wrap elementor-element-populated\">\n\t\t\t\t\t\t\t\t<div class=\"elementor-element elementor-element-0790f65 elementor-align-left elementor-widget elementor-widget-pages-banner\" data-id=\"0790f65\" data-element_type=\"widget\" data-widget_type=\"pages-banner.default\">\n\t\t\t\t<div class=\"elementor-widget-container\">\n\t\t\t\r\n\t\t\t\t<div class=\"banner-header section-padding valign bg-img bg-fixed\" data-overlay-dark=\"4\" data-background=\"https:\/\/koukosrodos.com\/wp-content\/uploads\/2022\/12\/istoriko-1.jpg\">\r\n\t\t\t\t\t<div class=\"container\">\r\n\t\t\t\t<div class=\"row\">\r\n\t\t\t\t\t<div class=\"col-md-12 caption mt-90\">\r\n\t\t\t\t\t\t\t\t\t\t\t\t\t\t\t\t\t\t<h1>Tarih\u00e7e<\/h1>\r\n\t\t\t\t\t\t\t\t\t\t\t<\/div>\r\n\t\t\t\t<\/div>\r\n\t\t\t<\/div>\r\n\t\t<\/div>\r\n\r\n\t\t\t<\/div>\n\t\t\t\t<\/div>\n\t\t\t\t\t<\/div>\n\t\t<\/div>\n\t\t\t\t\t\t\t<\/div>\n\t\t<\/section>\n\t\t\t\t<section class=\"elementor-section elementor-top-section elementor-element elementor-element-0e5e681 elementor-section-full_width elementor-section-height-default elementor-section-height-default\" data-id=\"0e5e681\" data-element_type=\"section\" data-settings=\"{&quot;background_background&quot;:&quot;classic&quot;}\">\n\t\t\t\t\t\t<div class=\"elementor-container elementor-column-gap-no\">\n\t\t\t\t\t<div class=\"elementor-column elementor-col-100 elementor-top-column elementor-element elementor-element-8f4ce31\" data-id=\"8f4ce31\" data-element_type=\"column\">\n\t\t\t<div class=\"elementor-widget-wrap elementor-element-populated\">\n\t\t\t\t\t\t\t\t<div class=\"elementor-element elementor-element-7e4aa7f elementor-align-left elementor-widget elementor-widget-pages-restaurant-content\" data-id=\"7e4aa7f\" data-element_type=\"widget\" data-widget_type=\"pages-restaurant-content.default\">\n\t\t\t\t<div class=\"elementor-widget-container\">\n\t\t\t\r\n\t\t<section class=\"rooms-page section-padding\" data-scroll-index=\"1\">\r\n\t\t\t<div class=\"container\">\r\n\t\t\t\t<div class=\"row\">\r\n\t\t\t\t\t<div class=\"col-md-12 text-left\"> \r\n\t\t\t\t\t\t<span>\r\n\t\t\t\t\t\t\t\t\t\t\t\t\t\t\t<i class=\"star-rating\"><\/i>\r\n\t\t\t\t\t\t\t\t<i class=\"star-rating\"><\/i>\r\n\t\t\t\t\t\t\t\t<i class=\"star-rating\"><\/i>\r\n\t\t\t\t\t\t\t\t<i class=\"star-rating\"><\/i>\r\n\t\t\t\t\t\t\t\t<i class=\"star-rating\"><\/i>\r\n\t\t\t\t\t\t\t\t\t\t\t\t\t<\/span>\r\n\t\t\t\t\t\t\t\t\t\t\t\t\t\t\t\t\t<\/div>\r\n\t\t\t\t\t<div class=\"col-md-12\">\r\n\t\t\t\t\t\t\t\t\t\t\t\t<p class=\"mb-30\">\"Koukos\", s\u0131cak ve davetk\u00e2r atmosferiyle tan\u0131nan Rodos i\u00e7in \u00f6nemli bir d\u00f6n\u00fcm noktas\u0131d\u0131r. Kap\u0131lar\u0131n\u0131 ilk kez her ya\u015fa uygun bir mek\u00e2n olu\u015fturan, g\u00fc\u00e7l\u00fc bir kimli\u011fe sahip geleneksel bir kafe olarak 1999 y\u0131l\u0131nda a\u00e7m\u0131\u015ft\u0131r. <\/p>\n\n<p>Eskiye duyulan sevgi ve b\u00f6lgenin tarihine duyulan sayg\u0131, eski gelenekler ile yeni nesil aras\u0131nda k\u00f6pr\u00fc kuran antikalarla dolu otantik bir alan yaratt\u0131. \"Koukos\"ta misafirler, k\u00f6zde geleneksel Yunan kahvesinin tad\u0131n\u0131 \u00e7\u0131kar\u0131p ak\u015famlar\u0131 ise \u00e7e\u015fitli mezeler e\u015fli\u011finde masalara ikram edilen \u015faraplar\u0131 tadabiliyordu.<\/p>\t\t\t\t\t\t\t\t\t\t\t\t<ul class=\"list-unstyled page-list mb-30\">\r\n\t\t\t\t\t\t\t\t\t\t\t\t\t<\/ul>\r\n\t\t\t\t\t<\/div>\r\n\t\t\t\t<\/div>\r\n\t\t\t<\/div>\r\n\t\t<\/section>\r\n\r\n\t\t\t<\/div>\n\t\t\t\t<\/div>\n\t\t\t\t\t<\/div>\n\t\t<\/div>\n\t\t\t\t\t\t\t<\/div>\n\t\t<\/section>\n\t\t\t\t<section class=\"elementor-section elementor-top-section elementor-element elementor-element-7c7c6c4 elementor-section-content-middle elementor-section-boxed elementor-section-height-default elementor-section-height-default\" data-id=\"7c7c6c4\" data-element_type=\"section\" data-settings=\"{&quot;background_background&quot;:&quot;classic&quot;}\">\n\t\t\t\t\t\t<div class=\"elementor-container elementor-column-gap-no\">\n\t\t\t\t\t<div class=\"elementor-column elementor-col-50 elementor-top-column elementor-element elementor-element-dd49a25\" data-id=\"dd49a25\" data-element_type=\"column\">\n\t\t\t<div class=\"elementor-widget-wrap elementor-element-populated\">\n\t\t\t\t\t\t\t\t<div class=\"elementor-element elementor-element-7c629bb elementor-widget elementor-widget-image\" data-id=\"7c629bb\" data-element_type=\"widget\" data-widget_type=\"image.default\">\n\t\t\t\t<div class=\"elementor-widget-container\">\n\t\t\t\t\t\t\t\t\t\t\t\t\t\t\t<img loading=\"lazy\" decoding=\"async\" width=\"800\" height=\"800\" src=\"https:\/\/koukosrodos.com\/wp-content\/uploads\/2023\/01\/istoriko1.jpg\" class=\"attachment-full size-full wp-image-5059\" alt=\"\" srcset=\"https:\/\/koukosrodos.com\/wp-content\/uploads\/2023\/01\/istoriko1.jpg 800w, https:\/\/koukosrodos.com\/wp-content\/uploads\/2023\/01\/istoriko1-300x300.jpg 300w, https:\/\/koukosrodos.com\/wp-content\/uploads\/2023\/01\/istoriko1-150x150.jpg 150w, https:\/\/koukosrodos.com\/wp-content\/uploads\/2023\/01\/istoriko1-768x768.jpg 768w\" sizes=\"auto, (max-width: 800px) 100vw, 800px\" \/>\t\t\t\t\t\t\t\t\t\t\t\t\t\t\t<\/div>\n\t\t\t\t<\/div>\n\t\t\t\t\t<\/div>\n\t\t<\/div>\n\t\t\t\t<div class=\"elementor-column elementor-col-50 elementor-top-column elementor-element elementor-element-8b44525\" data-id=\"8b44525\" data-element_type=\"column\" data-settings=\"{&quot;background_background&quot;:&quot;classic&quot;}\">\n\t\t\t<div class=\"elementor-widget-wrap elementor-element-populated\">\n\t\t\t\t\t\t\t\t<div class=\"elementor-element elementor-element-1ffa51d elementor-widget elementor-widget-text-editor\" data-id=\"1ffa51d\" data-element_type=\"widget\" data-widget_type=\"text-editor.default\">\n\t\t\t\t<div class=\"elementor-widget-container\">\n\t\t\t\t\t\t\t<p>Geli\u015fime duyulan sevgi ve i\u015fin ba\u015far\u0131l\u0131 seyri, i\u015fletmenin hizmetlerini y\u0131ldan y\u0131la y\u00fckseltti. B\u00f6ylece y\u0131llar i\u00e7inde mek\u00e2n geni\u015flemi\u015f, bir avlu ve bir f\u0131r\u0131n kazanm\u0131\u015f, bug\u00fcn ise g\u00fczeli takdir etmeyi bilen ziyaret\u00e7iler i\u00e7in bir dizi hizmet ve olanak i\u00e7eren \u00e7ok ama\u00e7l\u0131 bir tesis haline gelmi\u015ftir.<\/p><p>Konaklama tesisinin \u00f6zel s\u00fcitlerinden zarif restoran\u0131na, kafesine, bar\u0131na, yeni spa alan\u0131na ve \u00f6zel otopark imkan\u0131n\u0131n sundu\u011fu g\u00fcvenli\u011fe kadar \"Koukos\"ta herkes i\u00e7in \u00f6zel bir \u015feyler vard\u0131r.<\/p>\t\t\t\t\t\t<\/div>\n\t\t\t\t<\/div>\n\t\t\t\t\t<\/div>\n\t\t<\/div>\n\t\t\t\t\t\t\t<\/div>\n\t\t<\/section>\n\t\t\t\t<section class=\"elementor-section elementor-top-section elementor-element elementor-element-058bbd2 elementor-section-content-middle elementor-reverse-mobile elementor-section-boxed elementor-section-height-default elementor-section-height-default\" data-id=\"058bbd2\" data-element_type=\"section\">\n\t\t\t\t\t\t<div class=\"elementor-container elementor-column-gap-no\">\n\t\t\t\t\t<div class=\"elementor-column elementor-col-50 elementor-top-column elementor-element elementor-element-5654c5b\" data-id=\"5654c5b\" data-element_type=\"column\" data-settings=\"{&quot;background_background&quot;:&quot;classic&quot;}\">\n\t\t\t<div class=\"elementor-widget-wrap elementor-element-populated\">\n\t\t\t\t\t\t\t\t<div class=\"elementor-element elementor-element-29230af elementor-widget elementor-widget-text-editor\" data-id=\"29230af\" data-element_type=\"widget\" data-widget_type=\"text-editor.default\">\n\t\t\t\t<div class=\"elementor-widget-container\">\n\t\t\t\t\t\t\t<p>\u0130talyan mimarisinden etkilenen neoklasik bina 1900 y\u0131l\u0131nda in\u015fa edilmi\u015f ve ad\u0131n\u0131 giri\u015fte bulunan ve bir zamanlar bina sahibinin babas\u0131na ait olan guguklu saatten alm\u0131\u015ft\u0131r.<\/p><p>Ziyaret\u00e7iler bug\u00fcn, geleneksel Yunan k\u00fclt\u00fcr\u00fcn\u00fcn yan\u0131 s\u0131ra bir dizi modern olanak ve hizmetin de tad\u0131n\u0131 \u00e7\u0131karabilmektedir. \u0130ster bir fincan kahveyle rahatlamak, ister yeme\u011fin tad\u0131n\u0131 \u00e7\u0131karmak ya da sadece e\u015fsiz bir konaklaman\u0131n b\u00fcy\u00fcleyici atmosferini ke\u015ffetmek isteyin, Koukos t\u00fcm g\u00fcn s\u00fcren anlar ve unutulmaz deneyimler i\u00e7in m\u00fckemmel bir se\u00e7imdir.<\/p>\t\t\t\t\t\t<\/div>\n\t\t\t\t<\/div>\n\t\t\t\t\t<\/div>\n\t\t<\/div>\n\t\t\t\t<div class=\"elementor-column elementor-col-50 elementor-top-column elementor-element elementor-element-2e0ee4a\" data-id=\"2e0ee4a\" data-element_type=\"column\">\n\t\t\t<div class=\"elementor-widget-wrap elementor-element-populated\">\n\t\t\t\t\t\t\t\t<div class=\"elementor-element elementor-element-06e08c0 elementor-widget elementor-widget-image\" data-id=\"06e08c0\" data-element_type=\"widget\" data-widget_type=\"image.default\">\n\t\t\t\t<div class=\"elementor-widget-container\">\n\t\t\t\t\t\t\t\t\t\t\t\t\t\t\t<img loading=\"lazy\" decoding=\"async\" width=\"800\" height=\"800\" src=\"https:\/\/koukosrodos.com\/wp-content\/uploads\/2023\/01\/istoriko2.jpg\" class=\"attachment-large size-large wp-image-5063\" alt=\"\" srcset=\"https:\/\/koukosrodos.com\/wp-content\/uploads\/2023\/01\/istoriko2.jpg 800w, https:\/\/koukosrodos.com\/wp-content\/uploads\/2023\/01\/istoriko2-300x300.jpg 300w, https:\/\/koukosrodos.com\/wp-content\/uploads\/2023\/01\/istoriko2-150x150.jpg 150w, https:\/\/koukosrodos.com\/wp-content\/uploads\/2023\/01\/istoriko2-768x768.jpg 768w\" sizes=\"auto, (max-width: 800px) 100vw, 800px\" \/>\t\t\t\t\t\t\t\t\t\t\t\t\t\t\t<\/div>\n\t\t\t\t<\/div>\n\t\t\t\t\t<\/div>\n\t\t<\/div>\n\t\t\t\t\t\t\t<\/div>\n\t\t<\/section>\n\t\t\t\t<section class=\"elementor-section elementor-top-section elementor-element elementor-element-c503aef elementor-section-full_width elementor-hidden-desktop elementor-hidden-tablet elementor-hidden-mobile elementor-section-height-default elementor-section-height-default\" data-id=\"c503aef\" data-element_type=\"section\">\n\t\t\t\t\t\t<div class=\"elementor-container elementor-column-gap-no\">\n\t\t\t\t\t<div class=\"elementor-column elementor-col-100 elementor-top-column elementor-element elementor-element-2f3f12a\" data-id=\"2f3f12a\" data-element_type=\"column\">\n\t\t\t<div class=\"elementor-widget-wrap elementor-element-populated\">\n\t\t\t\t\t\t\t\t<div class=\"elementor-element elementor-element-3a7039a elementor-align-left elementor-widget elementor-widget-pages-gallery\" data-id=\"3a7039a\" data-element_type=\"widget\" data-widget_type=\"pages-gallery.default\">\n\t\t\t\t<div class=\"elementor-widget-container\">\n\t\t\t\r\n\t\t<section class=\"section-padding\">\r\n\t\t\t<div class=\"container\">\r\n\t\t\t\t<div class=\"row\">\r\n\t\t\t\t\t<div class=\"col-md-12\">\r\n\t\t\t\t\t\t\t\t\t\t\t\t\t\t\t\t\t\t\t<div class=\"section-title\">Galeri<\/div>\r\n\t\t\t\t\t\t\t\t\t\t\t<\/div>\r\n\t\t\t\t\t<!-- 3 columns -->\r\n\t\t\t\t\t\t\t\t\t\t\t\t\t\t\t\t\t<div class=\"col-md-4 gallery-item\">\r\n\t\t\t\t\t\t\t\t\t\t\t\t\t\t\t\t\t\t\t<a href=\"https:\/\/shtheme.com\/demosd\/thecappa\/wp-content\/uploads\/2022\/04\/7-1.jpg\" title=\"\" class=\"img-zoom\" target=\"_blank\" rel=\"noopener\">\r\n\t\t\t\t\t\t\t\t<div class=\"gallery-box\">\r\n\t\t\t\t\t\t\t\t\t<div class=\"gallery-img\"> <img decoding=\"async\" src=\"https:\/\/shtheme.com\/demosd\/thecappa\/wp-content\/uploads\/2022\/04\/7-1.jpg\" class=\"img-fluid mx-auto d-block\" alt=\"work-img\"> <\/div>\r\n\t\t\t\t\t\t\t\t<\/div>\r\n\t\t\t\t\t\t\t<\/a>\r\n\t\t\t\t\t\t\t\t\t\t\t\t\t<\/div>\r\n\t\t\t\t\t\t\t\t\t\t\t\t\t\t\t\t\t<div class=\"col-md-4 gallery-item\">\r\n\t\t\t\t\t\t\t\t\t\t\t\t\t\t\t\t\t\t\t<a href=\"https:\/\/shtheme.com\/demosd\/thecappa\/wp-content\/uploads\/2022\/06\/5-1.jpg\" title=\"\" class=\"img-zoom\" target=\"_blank\" rel=\"noopener\">\r\n\t\t\t\t\t\t\t\t<div class=\"gallery-box\">\r\n\t\t\t\t\t\t\t\t\t<div class=\"gallery-img\"> <img decoding=\"async\" src=\"https:\/\/shtheme.com\/demosd\/thecappa\/wp-content\/uploads\/2022\/06\/5-1.jpg\" class=\"img-fluid mx-auto d-block\" alt=\"work-img\"> <\/div>\r\n\t\t\t\t\t\t\t\t<\/div>\r\n\t\t\t\t\t\t\t<\/a>\r\n\t\t\t\t\t\t\t\t\t\t\t\t\t<\/div>\r\n\t\t\t\t\t\t\t\t\t\t\t\t\t\t\t\t\t<div class=\"col-md-4 gallery-item\">\r\n\t\t\t\t\t\t\t\t\t\t\t\t\t\t\t\t\t\t\t<a href=\"https:\/\/shtheme.com\/demosd\/thecappa\/wp-content\/uploads\/2022\/04\/4-1.jpg\" title=\"\" class=\"img-zoom\" target=\"_blank\" rel=\"noopener\">\r\n\t\t\t\t\t\t\t\t<div class=\"gallery-box\">\r\n\t\t\t\t\t\t\t\t\t<div class=\"gallery-img\"> <img decoding=\"async\" src=\"https:\/\/shtheme.com\/demosd\/thecappa\/wp-content\/uploads\/2022\/04\/4-1.jpg\" class=\"img-fluid mx-auto d-block\" alt=\"work-img\"> <\/div>\r\n\t\t\t\t\t\t\t\t<\/div>\r\n\t\t\t\t\t\t\t<\/a>\r\n\t\t\t\t\t\t\t\t\t\t\t\t\t<\/div>\r\n\t\t\t\t\t\t\t\t\t\t\t\t\t\t\t\t\t<div class=\"col-md-6 gallery-item\">\r\n\t\t\t\t\t\t\t\t\t\t\t\t\t\t\t\t\t\t\t<a href=\"https:\/\/shtheme.com\/demosd\/thecappa\/wp-content\/uploads\/2022\/04\/2-4.jpg\" title=\"\" class=\"img-zoom\" target=\"_blank\" rel=\"noopener\">\r\n\t\t\t\t\t\t\t\t<div class=\"gallery-box\">\r\n\t\t\t\t\t\t\t\t\t<div class=\"gallery-img\"> <img decoding=\"async\" src=\"https:\/\/shtheme.com\/demosd\/thecappa\/wp-content\/uploads\/2022\/04\/2-4.jpg\" class=\"img-fluid mx-auto d-block\" alt=\"work-img\"> <\/div>\r\n\t\t\t\t\t\t\t\t<\/div>\r\n\t\t\t\t\t\t\t<\/a>\r\n\t\t\t\t\t\t\t\t\t\t\t\t\t<\/div>\r\n\t\t\t\t\t\t\t\t\t\t\t\t\t\t\t\t\t<div class=\"col-md-6 gallery-item\">\r\n\t\t\t\t\t\t\t\t\t\t\t\t\t\t\t\t\t\t\t<a href=\"https:\/\/shtheme.com\/demosd\/thecappa\/wp-content\/uploads\/2022\/04\/1-3.jpg\" title=\"\" class=\"img-zoom\" target=\"_blank\" rel=\"noopener\">\r\n\t\t\t\t\t\t\t\t<div class=\"gallery-box\">\r\n\t\t\t\t\t\t\t\t\t<div class=\"gallery-img\"> <img decoding=\"async\" src=\"https:\/\/shtheme.com\/demosd\/thecappa\/wp-content\/uploads\/2022\/04\/1-3.jpg\" class=\"img-fluid mx-auto d-block\" alt=\"work-img\"> <\/div>\r\n\t\t\t\t\t\t\t\t<\/div>\r\n\t\t\t\t\t\t\t<\/a>\r\n\t\t\t\t\t\t\t\t\t\t\t\t\t<\/div>\r\n\t\t\t\t\t\t\t\t\t\t\t\t\t\t\t\t\t<div class=\"col-md-4 gallery-item\">\r\n\t\t\t\t\t\t\t\t\t\t\t\t\t\t\t\t\t\t\t<a href=\"https:\/\/shtheme.com\/demosd\/thecappa\/wp-content\/uploads\/2022\/06\/8.jpg\" title=\"\" class=\"img-zoom\" target=\"_blank\" rel=\"noopener\">\r\n\t\t\t\t\t\t\t\t<div class=\"gallery-box\">\r\n\t\t\t\t\t\t\t\t\t<div class=\"gallery-img\"> <img decoding=\"async\" src=\"https:\/\/shtheme.com\/demosd\/thecappa\/wp-content\/uploads\/2022\/06\/8.jpg\" class=\"img-fluid mx-auto d-block\" alt=\"work-img\"> <\/div>\r\n\t\t\t\t\t\t\t\t<\/div>\r\n\t\t\t\t\t\t\t<\/a>\r\n\t\t\t\t\t\t\t\t\t\t\t\t\t<\/div>\r\n\t\t\t\t\t\t\t\t\t\t\t\t\t\t\t\t\t<div class=\"col-md-4 gallery-item\">\r\n\t\t\t\t\t\t\t\t\t\t\t\t\t\t\t\t\t\t\t<a href=\"https:\/\/shtheme.com\/demosd\/thecappa\/wp-content\/uploads\/2022\/04\/5-1.jpg\" title=\"\" class=\"img-zoom\" target=\"_blank\" rel=\"noopener\">\r\n\t\t\t\t\t\t\t\t<div class=\"gallery-box\">\r\n\t\t\t\t\t\t\t\t\t<div class=\"gallery-img\"> <img decoding=\"async\" src=\"https:\/\/shtheme.com\/demosd\/thecappa\/wp-content\/uploads\/2022\/04\/5-1.jpg\" class=\"img-fluid mx-auto d-block\" alt=\"work-img\"> <\/div>\r\n\t\t\t\t\t\t\t\t<\/div>\r\n\t\t\t\t\t\t\t<\/a>\r\n\t\t\t\t\t\t\t\t\t\t\t\t\t<\/div>\r\n\t\t\t\t\t\t\t\t\t\t\t\t\t\t\t\t\t<div class=\"col-md-4 gallery-item\">\r\n\t\t\t\t\t\t\t\t\t\t\t\t\t\t\t\t\t\t\t<a href=\"https:\/\/shtheme.com\/demosd\/thecappa\/wp-content\/uploads\/2022\/06\/10.jpg\" title=\"\" class=\"img-zoom\" target=\"_blank\" rel=\"noopener\">\r\n\t\t\t\t\t\t\t\t<div class=\"gallery-box\">\r\n\t\t\t\t\t\t\t\t\t<div class=\"gallery-img\"> <img decoding=\"async\" src=\"https:\/\/shtheme.com\/demosd\/thecappa\/wp-content\/uploads\/2022\/06\/10.jpg\" class=\"img-fluid mx-auto d-block\" alt=\"work-img\"> <\/div>\r\n\t\t\t\t\t\t\t\t<\/div>\r\n\t\t\t\t\t\t\t<\/a>\r\n\t\t\t\t\t\t\t\t\t\t\t\t\t<\/div>\r\n\t\t\t\t\t\t\t\t\t<\/div>\r\n\t\t\t<\/div>\r\n\t\t<\/section>\r\n\t\t\r\n\r\n\t\t\t<\/div>\n\t\t\t\t<\/div>\n\t\t\t\t\t<\/div>\n\t\t<\/div>\n\t\t\t\t\t\t\t<\/div>\n\t\t<\/section>\n\t\t\t\t\t\t\t<\/div>","protected":false},"excerpt":{"rendered":"<p>\u0399\u03c3\u03c4\u03bf\u03c1\u03b9\u03ba\u03cc \u039f \u00ab\u039a\u03bf\u03cd\u03ba\u03bf\u03c2\u00bb \u03b1\u03c0\u03bf\u03c4\u03b5\u03bb\u03b5\u03af \u03ad\u03bd\u03b1 \u03c3\u03b7\u03bc\u03b5\u03af\u03bf \u03bf\u03c1\u03cc\u03c3\u03b7\u03bc\u03bf \u03b3\u03b9\u03b1 \u03c4\u03b7 \u03a1\u03cc\u03b4\u03bf, \u03b3\u03bd\u03c9\u03c3\u03c4\u03cc \u03b3\u03b9\u03b1 \u03c4\u03b7 \u03b6\u03b5\u03c3\u03c4\u03ae \u03ba\u03b1\u03b9 \u03c6\u03b9\u03bb\u03cc\u03be\u03b5\u03bd\u03b7 \u03b1\u03c4\u03bc\u03cc\u03c3\u03c6\u03b1\u03b9\u03c1\u03ac \u03c4\u03bf\u03c5. \u0386\u03bd\u03bf\u03b9\u03be\u03b5 \u03b3\u03b9\u03b1 \u03c0\u03c1\u03ce\u03c4\u03b7 \u03c6\u03bf\u03c1\u03ac \u03c4\u03b9\u03c2 \u03c0\u03cc\u03c1\u03c4\u03b5\u03c2 \u03c4\u03bf\u03c5 \u03c4\u03bf 1999, \u03c9\u03c2 \u03ad\u03bd\u03b1 \u03c0\u03b1\u03c1\u03b1\u03b4\u03bf\u03c3\u03b9\u03b1\u03ba\u03cc \u03ba\u03b1\u03c6\u03b5\u03bd\u03b5\u03af\u03bf \u03bc\u03b5 \u03b9\u03c3\u03c7\u03c5\u03c1\u03ae \u03c4\u03b1\u03c5\u03c4\u03cc\u03c4\u03b7\u03c4\u03b1 \u03b4\u03b7\u03bc\u03b9\u03bf\u03c5\u03c1\u03b3\u03ce\u03bd\u03c4\u03b1\u03c2 \u03ad\u03bd\u03b1 \u03c3\u03c4\u03ad\u03ba\u03b9 \u03b3\u03b9\u03b1 \u03cc\u03bb\u03b5\u03c2 \u03c4\u03b9\u03c2 \u03b7\u03bb\u03b9\u03ba\u03af\u03b5\u03c2. \u0397 \u03b1\u03b3\u03ac\u03c0\u03b7 \u03b3\u03b9\u03b1 \u03c4\u03bf \u03c0\u03b1\u03bb\u03b9\u03cc \u03ba\u03b1\u03b9 \u03bf \u03c3\u03b5\u03b2\u03b1\u03c3\u03bc\u03cc\u03c2 \u03c3\u03c4\u03b7\u03bd \u03b9\u03c3\u03c4\u03bf\u03c1\u03af\u03b1 \u03c4\u03bf\u03c5 \u03c4\u03cc\u03c0\u03bf\u03c5 \u03b4\u03b7\u03bc\u03b9\u03bf\u03cd\u03c1\u03b3\u03b7\u03c3\u03b1\u03bd \u03ad\u03bd\u03b1\u03bd [&hellip;]<\/p>","protected":false},"author":1,"featured_media":0,"parent":0,"menu_order":0,"comment_status":"closed","ping_status":"closed","template":"page-templates\/home-toggle.php","meta":{"inline_featured_image":false,"footnotes":""},"class_list":["post-2171","page","type-page","status-publish","hentry"],"acf":[],"_links":{"self":[{"href":"https:\/\/koukosrodos.com\/tr\/wp-json\/wp\/v2\/pages\/2171","targetHints":{"allow":["GET"]}}],"collection":[{"href":"https:\/\/koukosrodos.com\/tr\/wp-json\/wp\/v2\/pages"}],"about":[{"href":"https:\/\/koukosrodos.com\/tr\/wp-json\/wp\/v2\/types\/page"}],"author":[{"embeddable":true,"href":"https:\/\/koukosrodos.com\/tr\/wp-json\/wp\/v2\/users\/1"}],"replies":[{"embeddable":true,"href":"https:\/\/koukosrodos.com\/tr\/wp-json\/wp\/v2\/comments?post=2171"}],"version-history":[{"count":89,"href":"https:\/\/koukosrodos.com\/tr\/wp-json\/wp\/v2\/pages\/2171\/revisions"}],"predecessor-version":[{"id":5179,"href":"https:\/\/koukosrodos.com\/tr\/wp-json\/wp\/v2\/pages\/2171\/revisions\/5179"}],"wp:attachment":[{"href":"https:\/\/koukosrodos.com\/tr\/wp-json\/wp\/v2\/media?parent=2171"}],"curies":[{"name":"wp","href":"https:\/\/api.w.org\/{rel}","templated":true}]}}