{"id":2191,"date":"2022-11-29T14:42:15","date_gmt":"2022-11-29T12:42:15","guid":{"rendered":"https:\/\/koukosrodos.com\/?page_id=2191"},"modified":"2023-01-11T09:59:17","modified_gmt":"2023-01-11T07:59:17","slug":"our-neighborhood","status":"publish","type":"page","link":"https:\/\/koukosrodos.com\/tr\/our-neighborhood\/","title":{"rendered":"Mahallemiz"},"content":{"rendered":"<div data-elementor-type=\"wp-page\" data-elementor-id=\"2191\" class=\"elementor elementor-2191\">\n\t\t\t\t\t\t\t\t\t<section class=\"elementor-section elementor-top-section elementor-element elementor-element-a5ea5a6 elementor-section-full_width elementor-hidden-mobile elementor-section-height-default elementor-section-height-default\" data-id=\"a5ea5a6\" data-element_type=\"section\">\n\t\t\t\t\t\t<div class=\"elementor-container elementor-column-gap-no\">\n\t\t\t\t\t<div class=\"elementor-column elementor-col-100 elementor-top-column elementor-element elementor-element-40a22b6\" data-id=\"40a22b6\" data-element_type=\"column\">\n\t\t\t<div class=\"elementor-widget-wrap elementor-element-populated\">\n\t\t\t\t\t\t\t\t<div class=\"elementor-element elementor-element-0790f65 elementor-align-left elementor-widget elementor-widget-pages-banner\" data-id=\"0790f65\" data-element_type=\"widget\" data-widget_type=\"pages-banner.default\">\n\t\t\t\t<div class=\"elementor-widget-container\">\n\t\t\t\r\n\t\t\t\t<div class=\"banner-header section-padding valign bg-img bg-fixed\" data-overlay-dark=\"4\" data-background=\"https:\/\/koukosrodos.com\/wp-content\/uploads\/2022\/12\/geitonia-ft.jpg\">\r\n\t\t\t\t\t<div class=\"container\">\r\n\t\t\t\t<div class=\"row\">\r\n\t\t\t\t\t<div class=\"col-md-12 caption mt-90\">\r\n\t\t\t\t\t\t\t\t\t\t\t\t\t\t\t\t\t\t<h1>Mahallemiz<\/h1>\r\n\t\t\t\t\t\t\t\t\t\t\t<\/div>\r\n\t\t\t\t<\/div>\r\n\t\t\t<\/div>\r\n\t\t<\/div>\r\n\r\n\t\t\t<\/div>\n\t\t\t\t<\/div>\n\t\t\t\t\t<\/div>\n\t\t<\/div>\n\t\t\t\t\t\t\t<\/div>\n\t\t<\/section>\n\t\t\t\t<section class=\"elementor-section elementor-top-section elementor-element elementor-element-475ec99 elementor-section-full_width elementor-hidden-desktop elementor-hidden-tablet elementor-section-height-default elementor-section-height-default\" data-id=\"475ec99\" data-element_type=\"section\">\n\t\t\t\t\t\t<div class=\"elementor-container elementor-column-gap-no\">\n\t\t\t\t\t<div class=\"elementor-column elementor-col-100 elementor-top-column elementor-element elementor-element-87896d0\" data-id=\"87896d0\" data-element_type=\"column\">\n\t\t\t<div class=\"elementor-widget-wrap elementor-element-populated\">\n\t\t\t\t\t\t\t\t<div class=\"elementor-element elementor-element-fe62ac7 elementor-align-left elementor-widget elementor-widget-pages-banner\" data-id=\"fe62ac7\" data-element_type=\"widget\" data-widget_type=\"pages-banner.default\">\n\t\t\t\t<div class=\"elementor-widget-container\">\n\t\t\t\r\n\t\t\t\t<div class=\"banner-header section-padding valign bg-img bg-fixed\" data-overlay-dark=\"4\" data-background=\"https:\/\/koukosrodos.com\/wp-content\/uploads\/2023\/01\/koukos-mob.jpg\">\r\n\t\t\t\t\t<div class=\"container\">\r\n\t\t\t\t<div class=\"row\">\r\n\t\t\t\t\t<div class=\"col-md-12 caption mt-90\">\r\n\t\t\t\t\t\t\t\t\t\t\t\t\t\t\t\t\t\t<h1>Mahallemiz<\/h1>\r\n\t\t\t\t\t\t\t\t\t\t\t<\/div>\r\n\t\t\t\t<\/div>\r\n\t\t\t<\/div>\r\n\t\t<\/div>\r\n\r\n\t\t\t<\/div>\n\t\t\t\t<\/div>\n\t\t\t\t\t<\/div>\n\t\t<\/div>\n\t\t\t\t\t\t\t<\/div>\n\t\t<\/section>\n\t\t\t\t<section class=\"elementor-section elementor-top-section elementor-element elementor-element-0e5e681 elementor-section-full_width elementor-section-height-default elementor-section-height-default\" data-id=\"0e5e681\" data-element_type=\"section\" data-settings=\"{&quot;background_background&quot;:&quot;classic&quot;}\">\n\t\t\t\t\t\t<div class=\"elementor-container elementor-column-gap-no\">\n\t\t\t\t\t<div class=\"elementor-column elementor-col-100 elementor-top-column elementor-element elementor-element-8f4ce31\" data-id=\"8f4ce31\" data-element_type=\"column\">\n\t\t\t<div class=\"elementor-widget-wrap elementor-element-populated\">\n\t\t\t\t\t\t\t\t<div class=\"elementor-element elementor-element-7e4aa7f elementor-align-left elementor-widget elementor-widget-pages-restaurant-content\" data-id=\"7e4aa7f\" data-element_type=\"widget\" data-widget_type=\"pages-restaurant-content.default\">\n\t\t\t\t<div class=\"elementor-widget-container\">\n\t\t\t\r\n\t\t<section class=\"rooms-page section-padding\" data-scroll-index=\"1\">\r\n\t\t\t<div class=\"container\">\r\n\t\t\t\t<div class=\"row\">\r\n\t\t\t\t\t<div class=\"col-md-12 text-left\"> \r\n\t\t\t\t\t\t<span>\r\n\t\t\t\t\t\t\t\t\t\t\t\t\t\t\t<i class=\"star-rating\"><\/i>\r\n\t\t\t\t\t\t\t\t<i class=\"star-rating\"><\/i>\r\n\t\t\t\t\t\t\t\t<i class=\"star-rating\"><\/i>\r\n\t\t\t\t\t\t\t\t<i class=\"star-rating\"><\/i>\r\n\t\t\t\t\t\t\t\t<i class=\"star-rating\"><\/i>\r\n\t\t\t\t\t\t\t\t\t\t\t\t\t<\/span>\r\n\t\t\t\t\t\t\t\t\t\t\t\t\t\t\t\t\t<\/div>\r\n\t\t\t\t\t<div class=\"col-md-12\">\r\n\t\t\t\t\t\t\t\t\t\t\t\t<p class=\"mb-30\">Niochori mahallesi adan\u0131n tarihinde e\u015fsiz bir yere sahiptir. Adan\u0131n 1522'de Osmanl\u0131lar taraf\u0131ndan i\u015fgal edilmesinin ard\u0131ndan, daha \u00f6nce Rumlar\u0131n ya\u015fad\u0131\u011f\u0131 kale kenti Osmanl\u0131 m\u00fclkiyetine ge\u00e7mi\u015f, bu da Rum mahallelerinin Eski \u015eehir surlar\u0131n\u0131n d\u0131\u015f\u0131na ta\u015f\u0131nmas\u0131na yol a\u00e7m\u0131\u015ft\u0131r. Buna kar\u015f\u0131l\u0131k, ada sakinleri Eski \u015eehir'in etraf\u0131nda \"marasia\" olarak bilinen sekiz banliy\u00f6de toplanm\u0131\u015ft\u0131r.<\/p>\n\n<p>Bu isim, banliy\u00f6 anlam\u0131na gelen T\u00fcrk\u00e7e \"mara\u015f\" kelimesinden t\u00fcretilmi\u015ftir. Her mahallenin, yerle\u015fimin \"meydan\u0131\"n\u0131 olu\u015fturan merkezi bir kilisesi vard\u0131 ve kontrol\u00fc sa\u011flamak i\u00e7in T\u00fcrk subaylar\u0131n\u0131n evleri her mahalleye da\u011f\u0131lm\u0131\u015ft\u0131. \"Marasia\" kelimesi, Osmanl\u0131 i\u015fgalinin ard\u0131ndan Eski \u015eehir'in etraf\u0131nda olu\u015fan mahallelerle e\u015f anlaml\u0131 hale gelmi\u015ftir.<\/p>\n\n<p>Adan\u0131n en kuzey ucunda, 18. y\u00fczy\u0131lda Rodos'un sekizinci ve en yeni banliy\u00f6s\u00fc olan Niochori kurulmu\u015ftur. Bu mahalle, ayr\u0131cal\u0131kl\u0131 konumu ve onu s\u00fcsleyen etkileyici binalar sayesinde di\u011fer banliy\u00f6ler aras\u0131ndan s\u0131yr\u0131l\u0131p benzersiz bir konuma sahip olmay\u0131 ba\u015fard\u0131. Konsolosluklar, kamu binalar\u0131 ve oteller Niochori'de in\u015fa edilmi\u015f, diplomat evleri ve el\u00e7ilikler burada yer alm\u0131\u015f ve buray\u0131 bug\u00fcne kadar adan\u0131n en kozmopolit mahallesi haline getirmi\u015ftir.<\/p>\t\t\t\t\t\t\t\t\t\t\t\t<ul class=\"list-unstyled page-list mb-30\">\r\n\t\t\t\t\t\t\t\t\t\t\t\t\t<\/ul>\r\n\t\t\t\t\t<\/div>\r\n\t\t\t\t<\/div>\r\n\t\t\t<\/div>\r\n\t\t<\/section>\r\n\r\n\t\t\t<\/div>\n\t\t\t\t<\/div>\n\t\t\t\t\t<\/div>\n\t\t<\/div>\n\t\t\t\t\t\t\t<\/div>\n\t\t<\/section>\n\t\t\t\t<section class=\"elementor-section elementor-top-section elementor-element elementor-element-de979a1 elementor-section-boxed elementor-section-height-default elementor-section-height-default\" data-id=\"de979a1\" data-element_type=\"section\">\n\t\t\t\t\t\t<div class=\"elementor-container elementor-column-gap-no\">\n\t\t\t\t\t<div class=\"elementor-column elementor-col-100 elementor-top-column elementor-element elementor-element-02da38d\" data-id=\"02da38d\" data-element_type=\"column\">\n\t\t\t<div class=\"elementor-widget-wrap elementor-element-populated\">\n\t\t\t\t\t\t\t\t<div class=\"elementor-element elementor-element-b9fc80f elementor-widget elementor-widget-heading\" data-id=\"b9fc80f\" data-element_type=\"widget\" data-widget_type=\"heading.default\">\n\t\t\t\t<div class=\"elementor-widget-container\">\n\t\t\t<h2 class=\"elementor-heading-title elementor-size-default\">Adan\u0131n Kalbinde<\/h2>\t\t<\/div>\n\t\t\t\t<\/div>\n\t\t\t\t\t<\/div>\n\t\t<\/div>\n\t\t\t\t\t\t\t<\/div>\n\t\t<\/section>\n\t\t\t\t<section class=\"elementor-section elementor-top-section elementor-element elementor-element-89fa2b7 elementor-section-content-middle elementor-section-boxed elementor-section-height-default elementor-section-height-default\" data-id=\"89fa2b7\" data-element_type=\"section\" data-settings=\"{&quot;background_background&quot;:&quot;classic&quot;}\">\n\t\t\t\t\t\t<div class=\"elementor-container elementor-column-gap-no\">\n\t\t\t\t\t<div class=\"elementor-column elementor-col-50 elementor-top-column elementor-element elementor-element-90a69f0\" data-id=\"90a69f0\" data-element_type=\"column\">\n\t\t\t<div class=\"elementor-widget-wrap elementor-element-populated\">\n\t\t\t\t\t\t\t\t<div class=\"elementor-element elementor-element-097275c elementor-widget elementor-widget-image\" data-id=\"097275c\" data-element_type=\"widget\" data-widget_type=\"image.default\">\n\t\t\t\t<div class=\"elementor-widget-container\">\n\t\t\t\t\t\t\t\t\t\t\t\t\t\t\t<img loading=\"lazy\" decoding=\"async\" width=\"800\" height=\"800\" src=\"https:\/\/koukosrodos.com\/wp-content\/uploads\/2022\/12\/locati.jpg\" class=\"attachment-full size-full wp-image-3386\" alt=\"\" srcset=\"https:\/\/koukosrodos.com\/wp-content\/uploads\/2022\/12\/locati.jpg 800w, https:\/\/koukosrodos.com\/wp-content\/uploads\/2022\/12\/locati-300x300.jpg 300w, https:\/\/koukosrodos.com\/wp-content\/uploads\/2022\/12\/locati-150x150.jpg 150w, https:\/\/koukosrodos.com\/wp-content\/uploads\/2022\/12\/locati-768x768.jpg 768w\" sizes=\"auto, (max-width: 800px) 100vw, 800px\" \/>\t\t\t\t\t\t\t\t\t\t\t\t\t\t\t<\/div>\n\t\t\t\t<\/div>\n\t\t\t\t\t<\/div>\n\t\t<\/div>\n\t\t\t\t<div class=\"elementor-column elementor-col-50 elementor-top-column elementor-element elementor-element-8ff70ee\" data-id=\"8ff70ee\" data-element_type=\"column\" data-settings=\"{&quot;background_background&quot;:&quot;classic&quot;}\">\n\t\t\t<div class=\"elementor-widget-wrap elementor-element-populated\">\n\t\t\t\t\t\t\t\t<div class=\"elementor-element elementor-element-318cd22 elementor-widget elementor-widget-text-editor\" data-id=\"318cd22\" data-element_type=\"widget\" data-widget_type=\"text-editor.default\">\n\t\t\t\t<div class=\"elementor-widget-container\">\n\t\t\t\t\t\t\t<p>\u00c7ok ama\u00e7l\u0131 bir tesis olan \"Koukos\u00bb, Rodos \u015fehrinin kalbinde, adan\u0131n \u00f6nemli noktalar\u0131na kolay eri\u015fim sa\u011flayan ayr\u0131cal\u0131kl\u0131 bir konumda yer almaktad\u0131r. \u0130ster adan\u0131n zengin tarihini ve k\u00fclt\u00fcr\u00fcn\u00fc ke\u015ffetmek ister Rodos \u015fehrini ke\u015ffetmek, ister adan\u0131n sahil \u015feridinde bir y\u00fcr\u00fcy\u00fc\u015f\u00fcn tad\u0131n\u0131 \u00e7\u0131karmak veya Ege Denizi'nin masmavi sular\u0131na hayran kalarak bir plajda dinlenmek isteyin, \"Koukos\" Rodos'ta konaklaman\u0131z i\u00e7in ideal bir se\u00e7enek olu\u015fturmaktad\u0131r.<\/p><p>G\u00fczel plajlar\u0131, antik tarihi ve zengin k\u00fclt\u00fcr\u00fcyle tan\u0131nan pop\u00fcler, ke\u015ffedilmeye haz\u0131r e\u015fsiz bir turizm merkezidir.<\/p><p>Adan\u0131n en i\u015flek b\u00f6lgesi olan Mandraki'de yapaca\u011f\u0131n\u0131z bir y\u00fcr\u00fcy\u00fc\u015fle \u015fehrin nabz\u0131n\u0131 tutabilirsiniz. Deniz kenar\u0131nda yapaca\u011f\u0131n\u0131z bir y\u00fcr\u00fcy\u00fc\u015f sizi adan\u0131n g\u00f6r\u00fclmeye de\u011fer yerlerine yakla\u015ft\u0131racakt\u0131r.<\/p>\t\t\t\t\t\t<\/div>\n\t\t\t\t<\/div>\n\t\t\t\t\t<\/div>\n\t\t<\/div>\n\t\t\t\t\t\t\t<\/div>\n\t\t<\/section>\n\t\t\t\t<section class=\"elementor-section elementor-top-section elementor-element elementor-element-00ce693 elementor-section-content-middle elementor-reverse-mobile elementor-section-boxed elementor-section-height-default elementor-section-height-default\" data-id=\"00ce693\" data-element_type=\"section\">\n\t\t\t\t\t\t<div class=\"elementor-container elementor-column-gap-no\">\n\t\t\t\t\t<div class=\"elementor-column elementor-col-50 elementor-top-column elementor-element elementor-element-8ad7124\" data-id=\"8ad7124\" data-element_type=\"column\" data-settings=\"{&quot;background_background&quot;:&quot;classic&quot;}\">\n\t\t\t<div class=\"elementor-widget-wrap elementor-element-populated\">\n\t\t\t\t\t\t\t\t<div class=\"elementor-element elementor-element-483f8b2 elementor-widget elementor-widget-text-editor\" data-id=\"483f8b2\" data-element_type=\"widget\" data-widget_type=\"text-editor.default\">\n\t\t\t\t<div class=\"elementor-widget-container\">\n\t\t\t\t\t\t\t<p>Keyifli bir patikada y\u00fcr\u00fcrken Diagoras heykeline rastlayacaks\u0131n\u0131z. Ad\u0131mlar\u0131n\u0131z sizi \u015fehir merkezini s\u00fcsleyen ve ona kozmopolit bir hava veren \u0130talyan ve Osmanl\u0131 binalar\u0131na yakla\u015ft\u0131racak.<\/p><p>\u00dcnl\u00fc deniz tramplenini ge\u00e7tikten sonra Agios Nikolaos Kalesi'ne hayran kalacak ve devam\u0131nda adan\u0131n sembol\u00fc olan ve eskiden Elafousa lakab\u0131n\u0131 ta\u015f\u0131yan, \u00abelafos\u00bb ve \u00abelafina\u00bb adl\u0131 iki geyik s\u00fctununun bulundu\u011fu Evangelismos'a ula\u015facaks\u0131n\u0131z. Bu noktada, d\u00fcnyan\u0131n 7 harikas\u0131ndan biri olan Rodos Heykeli'nin eskiden bu noktada bulundu\u011fu s\u00f6ylenir, yeni bilim adamlar\u0131 ise onu Eski Kent'in i\u00e7ine yerle\u015ftirir.<\/p><p>Birka\u00e7 metre ileride Yel De\u011firmenlerini bulacak ve devam\u0131nda liman\u0131n pitoresk ah\u015fap yaya ge\u00e7idi boyunca y\u00fcr\u00fcrken sizi Orta\u00e7a\u011f \u015eehrinin duvarlar\u0131n\u0131n d\u0131\u015f\u0131na \u00e7\u0131karacak bir yola ula\u015facaks\u0131n\u0131z.<\/p>\t\t\t\t\t\t<\/div>\n\t\t\t\t<\/div>\n\t\t\t\t\t<\/div>\n\t\t<\/div>\n\t\t\t\t<div class=\"elementor-column elementor-col-50 elementor-top-column elementor-element elementor-element-3cffc0a\" data-id=\"3cffc0a\" data-element_type=\"column\">\n\t\t\t<div class=\"elementor-widget-wrap elementor-element-populated\">\n\t\t\t\t\t\t\t\t<div class=\"elementor-element elementor-element-e6a792d elementor-widget elementor-widget-image\" data-id=\"e6a792d\" data-element_type=\"widget\" data-widget_type=\"image.default\">\n\t\t\t\t<div class=\"elementor-widget-container\">\n\t\t\t\t\t\t\t\t\t\t\t\t\t\t\t<img loading=\"lazy\" decoding=\"async\" width=\"800\" height=\"800\" src=\"https:\/\/koukosrodos.com\/wp-content\/uploads\/2022\/12\/elafakia.jpg\" class=\"attachment-large size-large wp-image-3402\" alt=\"\" srcset=\"https:\/\/koukosrodos.com\/wp-content\/uploads\/2022\/12\/elafakia.jpg 800w, https:\/\/koukosrodos.com\/wp-content\/uploads\/2022\/12\/elafakia-300x300.jpg 300w, https:\/\/koukosrodos.com\/wp-content\/uploads\/2022\/12\/elafakia-150x150.jpg 150w, https:\/\/koukosrodos.com\/wp-content\/uploads\/2022\/12\/elafakia-768x768.jpg 768w\" sizes=\"auto, (max-width: 800px) 100vw, 800px\" \/>\t\t\t\t\t\t\t\t\t\t\t\t\t\t\t<\/div>\n\t\t\t\t<\/div>\n\t\t\t\t\t<\/div>\n\t\t<\/div>\n\t\t\t\t\t\t\t<\/div>\n\t\t<\/section>\n\t\t\t\t<section class=\"elementor-section elementor-top-section elementor-element elementor-element-793cfcf elementor-section-content-middle elementor-section-boxed elementor-section-height-default elementor-section-height-default\" data-id=\"793cfcf\" data-element_type=\"section\" data-settings=\"{&quot;background_background&quot;:&quot;classic&quot;}\">\n\t\t\t\t\t\t<div class=\"elementor-container elementor-column-gap-no\">\n\t\t\t\t\t<div class=\"elementor-column elementor-col-50 elementor-top-column elementor-element elementor-element-06dbbf3\" data-id=\"06dbbf3\" data-element_type=\"column\">\n\t\t\t<div class=\"elementor-widget-wrap elementor-element-populated\">\n\t\t\t\t\t\t\t\t<div class=\"elementor-element elementor-element-0daf1ee elementor-widget elementor-widget-image\" data-id=\"0daf1ee\" data-element_type=\"widget\" data-widget_type=\"image.default\">\n\t\t\t\t<div class=\"elementor-widget-container\">\n\t\t\t\t\t\t\t\t\t\t\t\t\t\t\t<img loading=\"lazy\" decoding=\"async\" width=\"800\" height=\"800\" src=\"https:\/\/koukosrodos.com\/wp-content\/uploads\/2022\/12\/old-town.jpg\" class=\"attachment-full size-full wp-image-3406\" alt=\"\" srcset=\"https:\/\/koukosrodos.com\/wp-content\/uploads\/2022\/12\/old-town.jpg 800w, https:\/\/koukosrodos.com\/wp-content\/uploads\/2022\/12\/old-town-300x300.jpg 300w, https:\/\/koukosrodos.com\/wp-content\/uploads\/2022\/12\/old-town-150x150.jpg 150w, https:\/\/koukosrodos.com\/wp-content\/uploads\/2022\/12\/old-town-768x768.jpg 768w\" sizes=\"auto, (max-width: 800px) 100vw, 800px\" \/>\t\t\t\t\t\t\t\t\t\t\t\t\t\t\t<\/div>\n\t\t\t\t<\/div>\n\t\t\t\t\t<\/div>\n\t\t<\/div>\n\t\t\t\t<div class=\"elementor-column elementor-col-50 elementor-top-column elementor-element elementor-element-bd09fb6\" data-id=\"bd09fb6\" data-element_type=\"column\" data-settings=\"{&quot;background_background&quot;:&quot;classic&quot;}\">\n\t\t\t<div class=\"elementor-widget-wrap elementor-element-populated\">\n\t\t\t\t\t\t\t\t<div class=\"elementor-element elementor-element-9c67825 elementor-widget elementor-widget-text-editor\" data-id=\"9c67825\" data-element_type=\"widget\" data-widget_type=\"text-editor.default\">\n\t\t\t\t<div class=\"elementor-widget-container\">\n\t\t\t\t\t\t\t<p>UNESCO D\u00fcnya Miras\u0131 Listesi'nde yer alan ve Orta\u00e7a\u011f Kenti olarak da bilinen Rodos'un Eski Kenti'nde hayranl\u0131k uyand\u0131racak \u00e7ok say\u0131da tarihi ve k\u00fclt\u00fcrel g\u00f6r\u00fclmesi gereken yer sizleri bekliyor.<\/p><p>B\u00fcy\u00fck \u00dcstat Saray\u0131'n\u0131 gezin, tarihi \u015e\u00f6valyeler Yolu'nu ve Rodos Kemeri'ni ge\u00e7erek adan\u0131n tarihinde e\u015fsiz bir yolculu\u011fun tad\u0131n\u0131 \u00e7\u0131kar\u0131n.<\/p><p>G\u00fcn bat\u0131m\u0131 a\u015f\u0131klar\u0131, g\u00f6ky\u00fcz\u00fc mora d\u00f6nerken Monte Smith'in nefes kesici manzaras\u0131n\u0131n tad\u0131n\u0131 \u00e7\u0131karabilir.<\/p><p><strong>Rodos'taki konaklaman\u0131z\u0131 adan\u0131n en iyi b\u00f6lgesinde planlamaya ba\u015flay\u0131n.<\/strong><\/p>\t\t\t\t\t\t<\/div>\n\t\t\t\t<\/div>\n\t\t\t\t<div class=\"elementor-element elementor-element-1c42b25 elementor-align-left elementor-widget elementor-widget-button\" data-id=\"1c42b25\" data-element_type=\"widget\" data-widget_type=\"button.default\">\n\t\t\t\t<div class=\"elementor-widget-container\">\n\t\t\t\t\t<div class=\"elementor-button-wrapper\">\n\t\t\t<a class=\"elementor-button elementor-button-link elementor-size-md\" href=\"https:\/\/koukosrhodianguesthouse.reserve-online.net\/\" target=\"_blank\" rel=\"noopener\">\n\t\t\t\t\t\t<span class=\"elementor-button-content-wrapper\">\n\t\t\t\t\t\t<span class=\"elementor-button-text\">BOOK NOW<\/span>\n\t\t<\/span>\n\t\t\t\t\t<\/a>\n\t\t<\/div>\n\t\t\t\t<\/div>\n\t\t\t\t<\/div>\n\t\t\t\t\t<\/div>\n\t\t<\/div>\n\t\t\t\t\t\t\t<\/div>\n\t\t<\/section>\n\t\t\t\t\t\t\t<\/div>","protected":false},"excerpt":{"rendered":"<p>\u0397 \u0393\u03b5\u03b9\u03c4\u03bf\u03bd\u03b9\u03ac \u03bc\u03b1\u03c2 \u0397 \u0393\u03b5\u03b9\u03c4\u03bf\u03bd\u03b9\u03ac \u03bc\u03b1\u03c2 \u0397 \u03b3\u03b5\u03b9\u03c4\u03bf\u03bd\u03b9\u03ac \u03c4\u03bf\u03c5 \u039d\u03b9\u03bf\u03c7\u03c9\u03c1\u03af\u03bf\u03c5 \u03ad\u03c7\u03b5\u03b9 \u03bc\u03b9\u03b1 \u03bc\u03bf\u03bd\u03b1\u03b4\u03b9\u03ba\u03ae \u03b8\u03ad\u03c3\u03b7 \u03c3\u03c4\u03b7\u03bd \u03b9\u03c3\u03c4\u03bf\u03c1\u03af\u03b1 \u03c4\u03bf\u03c5 \u03bd\u03b7\u03c3\u03b9\u03bf\u03cd. \u039c\u03b5\u03c4\u03ac \u03c4\u03b7\u03bd \u03bf\u03b8\u03c9\u03bc\u03b1\u03bd\u03b9\u03ba\u03ae \u03ba\u03b1\u03c4\u03bf\u03c7\u03ae \u03c4\u03b7\u03c2 \u03c0\u03cc\u03bb\u03b7\u03c2 \u03c4\u03bf 1522, \u03b7 \u03bc\u03ad\u03c7\u03c1\u03b9 \u03c4\u03cc\u03c4\u03b5 \u03b5\u03bb\u03bb\u03b7\u03bd\u03bf\u03ba\u03b1\u03c4\u03bf\u03b9\u03ba\u03b7\u03bc\u03ad\u03bd\u03b7 \u03ba\u03b1\u03c3\u03c4\u03c1\u03bf\u03c0\u03bf\u03bb\u03b9\u03c4\u03b5\u03af\u03b1 \u03c0\u03ad\u03c1\u03b1\u03c3\u03b5 \u03c3\u03b5 \u03bf\u03b8\u03c9\u03bc\u03b1\u03bd\u03b9\u03ba\u03ae \u03b9\u03b4\u03b9\u03bf\u03ba\u03c4\u03b7\u03c3\u03af\u03b1, \u03bf\u03b4\u03b7\u03b3\u03ce\u03bd\u03c4\u03b1\u03c2 \u03c3\u03c4\u03b7 \u03bc\u03b5\u03c4\u03b5\u03b3\u03ba\u03b1\u03c4\u03ac\u03c3\u03c4\u03b1\u03c3\u03b7 \u03c4\u03c9\u03bd \u03b5\u03bb\u03bb\u03b7\u03bd\u03b9\u03ba\u03ce\u03bd \u03c1\u03bf\u03b4\u03b9\u03b1\u03ba\u03ce\u03bd \u03c3\u03c5\u03bd\u03bf\u03b9\u03ba\u03b9\u03ce\u03bd \u03ad\u03be\u03c9 \u03b1\u03c0\u03cc \u03c4\u03b1 \u03c4\u03b5\u03af\u03c7\u03b7 \u03c4\u03b7\u03c2 \u03a0\u03b1\u03bb\u03b9\u03ac\u03c2 \u03a0\u03cc\u03bb\u03b7\u03c2. \u03a3\u03b5 \u03b1\u03c0\u03ac\u03bd\u03c4\u03b7\u03c3\u03b7, \u03bf\u03b9 \u03ba\u03ac\u03c4\u03bf\u03b9\u03ba\u03bf\u03b9 \u03c4\u03bf\u03c5 \u03bd\u03b7\u03c3\u03b9\u03bf\u03cd [&hellip;]<\/p>","protected":false},"author":1,"featured_media":0,"parent":0,"menu_order":0,"comment_status":"closed","ping_status":"closed","template":"page-templates\/home-toggle.php","meta":{"inline_featured_image":false,"footnotes":""},"class_list":["post-2191","page","type-page","status-publish","hentry"],"acf":[],"_links":{"self":[{"href":"https:\/\/koukosrodos.com\/tr\/wp-json\/wp\/v2\/pages\/2191","targetHints":{"allow":["GET"]}}],"collection":[{"href":"https:\/\/koukosrodos.com\/tr\/wp-json\/wp\/v2\/pages"}],"about":[{"href":"https:\/\/koukosrodos.com\/tr\/wp-json\/wp\/v2\/types\/page"}],"author":[{"embeddable":true,"href":"https:\/\/koukosrodos.com\/tr\/wp-json\/wp\/v2\/users\/1"}],"replies":[{"embeddable":true,"href":"https:\/\/koukosrodos.com\/tr\/wp-json\/wp\/v2\/comments?post=2191"}],"version-history":[{"count":123,"href":"https:\/\/koukosrodos.com\/tr\/wp-json\/wp\/v2\/pages\/2191\/revisions"}],"predecessor-version":[{"id":5119,"href":"https:\/\/koukosrodos.com\/tr\/wp-json\/wp\/v2\/pages\/2191\/revisions\/5119"}],"wp:attachment":[{"href":"https:\/\/koukosrodos.com\/tr\/wp-json\/wp\/v2\/media?parent=2191"}],"curies":[{"name":"wp","href":"https:\/\/api.w.org\/{rel}","templated":true}]}}